{"id":28457,"date":"2025-03-19T19:08:56","date_gmt":"2025-03-19T19:08:56","guid":{"rendered":"https:\/\/lkdeco.com.ar\/?post_type=product&#038;p=28457"},"modified":"2025-03-19T19:12:10","modified_gmt":"2025-03-19T19:12:10","slug":"botella-energy","status":"publish","type":"product","link":"https:\/\/lkdeco.com.ar\/index.php\/producto\/botella-energy\/","title":{"rendered":"Botella energy"},"content":{"rendered":"","protected":false},"excerpt":{"rendered":"<div class=\"scroller\">\n<div class=\"row\">\n<div class=\"col-xs-12 col-md-7 d-none d-md-inline\">\n<div class=\"sticky\">\n<div class=\"markdown\">\n<div>\n<div class=\"scroller\">\n<div class=\"row\">\n<div class=\"col-xs-12 col-md-7 d-none d-md-inline\">\n<div class=\"sticky\">\n<div>\n<div class=\"markdown\">\n<div>\n<p>Nueva botella con unos dise\u00f1os increibles. Perfecto para que te acompa\u00f1e en cualquier momento del d\u00eda. Disfrutar del sol pero siempre hidratados\ud83d\udca7 &#8211; Capacidad: 615 ml.<\/p>\n<\/div>\n<\/div>\n<\/div>\n<\/div>\n<\/div>\n<\/div>\n<\/div>\n<\/div>\n<div><\/div>\n<\/div>\n<\/div>\n<\/div>\n<\/div>\n<\/div>\n","protected":false},"featured_media":28461,"comment_status":"open","ping_status":"closed","template":"","meta":[],"product_brand":[],"product_cat":[153,152],"product_tag":[],"class_list":{"0":"post-28457","1":"product","2":"type-product","3":"status-publish","4":"has-post-thumbnail","6":"product_cat-botellas-deportivas","7":"product_cat-uso-personal","9":"first","10":"instock","11":"shipping-taxable","12":"product-type-variable"},"_links":{"self":[{"href":"https:\/\/lkdeco.com.ar\/index.php\/wp-json\/wp\/v2\/product\/28457","targetHints":{"allow":["GET"]}}],"collection":[{"href":"https:\/\/lkdeco.com.ar\/index.php\/wp-json\/wp\/v2\/product"}],"about":[{"href":"https:\/\/lkdeco.com.ar\/index.php\/wp-json\/wp\/v2\/types\/product"}],"replies":[{"embeddable":true,"href":"https:\/\/lkdeco.com.ar\/index.php\/wp-json\/wp\/v2\/comments?post=28457"}],"version-history":[{"count":0,"href":"https:\/\/lkdeco.com.ar\/index.php\/wp-json\/wp\/v2\/product\/28457\/revisions"}],"wp:featuredmedia":[{"embeddable":true,"href":"https:\/\/lkdeco.com.ar\/index.php\/wp-json\/wp\/v2\/media\/28461"}],"wp:attachment":[{"href":"https:\/\/lkdeco.com.ar\/index.php\/wp-json\/wp\/v2\/media?parent=28457"}],"wp:term":[{"taxonomy":"product_brand","embeddable":true,"href":"https:\/\/lkdeco.com.ar\/index.php\/wp-json\/wp\/v2\/product_brand?post=28457"},{"taxonomy":"product_cat","embeddable":true,"href":"https:\/\/lkdeco.com.ar\/index.php\/wp-json\/wp\/v2\/product_cat?post=28457"},{"taxonomy":"product_tag","embeddable":true,"href":"https:\/\/lkdeco.com.ar\/index.php\/wp-json\/wp\/v2\/product_tag?post=28457"}],"curies":[{"name":"wp","href":"https:\/\/api.w.org\/{rel}","templated":true}]}}