{"id":27212,"date":"2025-01-06T16:38:31","date_gmt":"2025-01-06T16:38:31","guid":{"rendered":"https:\/\/lkdeco.com.ar\/?post_type=product&#038;p=27212"},"modified":"2025-07-26T15:24:34","modified_gmt":"2025-07-26T15:24:34","slug":"bolso-matero-matelasse","status":"publish","type":"product","link":"https:\/\/lkdeco.com.ar\/index.php\/producto\/bolso-matero-matelasse\/","title":{"rendered":"Bolso Matero Matelasse"},"content":{"rendered":"","protected":false},"excerpt":{"rendered":"<div>\n<div class=\"scroller\">\n<div class=\"row\">\n<div class=\"col-xs-12 col-md-7 d-none d-md-inline\">\n<div class=\"sticky\">\n<div class=\"markdown\">\n<div>\n<div class=\"scroller\">\n<div class=\"row\">\n<div class=\"col-xs-12 col-md-7 d-none d-md-inline\">\n<div class=\"sticky\">\n<div>\n<div class=\"markdown\">\n<div>\n<p>Hermoso bolso matero que tambi\u00e9n es mochila!! S\u00faper pr\u00e1ctico para llevar de todo! \ud83d\ude01 Y lo m\u00e1s importante de todo , te entra cualquier tipo de termo que tengas y tiene una tela impermeable por dentro asi que si se te mancha no pasa nada ya que podes limpiarlo s\u00faper f\u00e1cil Espaciosa y con manijas para que sea mas pr\u00e1ctico\ud83c\udf08, siempre con los hermosos dise\u00f1os de Watermelon. Medidas: 40 cm x 25 cm y 12 cm de profundidad Medidas bolsillo: 17 cm x 17 cm.<\/p>\n<\/div>\n<\/div>\n<\/div>\n<\/div>\n<\/div>\n<\/div>\n<\/div>\n<\/div>\n<\/div>\n<\/div>\n<\/div>\n<\/div>\n<\/div>\n<\/div>\n<div><\/div>\n","protected":false},"featured_media":27230,"comment_status":"open","ping_status":"closed","template":"","meta":[],"product_brand":[],"product_cat":[142,138],"product_tag":[],"class_list":{"0":"post-27212","1":"product","2":"type-product","3":"status-publish","4":"has-post-thumbnail","6":"product_cat-bolsos-materos","7":"product_cat-mate","9":"first","10":"instock","11":"shipping-taxable","12":"product-type-variable"},"_links":{"self":[{"href":"https:\/\/lkdeco.com.ar\/index.php\/wp-json\/wp\/v2\/product\/27212","targetHints":{"allow":["GET"]}}],"collection":[{"href":"https:\/\/lkdeco.com.ar\/index.php\/wp-json\/wp\/v2\/product"}],"about":[{"href":"https:\/\/lkdeco.com.ar\/index.php\/wp-json\/wp\/v2\/types\/product"}],"replies":[{"embeddable":true,"href":"https:\/\/lkdeco.com.ar\/index.php\/wp-json\/wp\/v2\/comments?post=27212"}],"version-history":[{"count":0,"href":"https:\/\/lkdeco.com.ar\/index.php\/wp-json\/wp\/v2\/product\/27212\/revisions"}],"wp:featuredmedia":[{"embeddable":true,"href":"https:\/\/lkdeco.com.ar\/index.php\/wp-json\/wp\/v2\/media\/27230"}],"wp:attachment":[{"href":"https:\/\/lkdeco.com.ar\/index.php\/wp-json\/wp\/v2\/media?parent=27212"}],"wp:term":[{"taxonomy":"product_brand","embeddable":true,"href":"https:\/\/lkdeco.com.ar\/index.php\/wp-json\/wp\/v2\/product_brand?post=27212"},{"taxonomy":"product_cat","embeddable":true,"href":"https:\/\/lkdeco.com.ar\/index.php\/wp-json\/wp\/v2\/product_cat?post=27212"},{"taxonomy":"product_tag","embeddable":true,"href":"https:\/\/lkdeco.com.ar\/index.php\/wp-json\/wp\/v2\/product_tag?post=27212"}],"curies":[{"name":"wp","href":"https:\/\/api.w.org\/{rel}","templated":true}]}}