{"id":25671,"date":"2024-11-27T19:38:26","date_gmt":"2024-11-27T19:38:26","guid":{"rendered":"https:\/\/lkdeco.com.ar\/?post_type=product&#038;p=25671"},"modified":"2024-11-27T20:09:36","modified_gmt":"2024-11-27T20:09:36","slug":"planner-mensual-emblocado","status":"publish","type":"product","link":"https:\/\/lkdeco.com.ar\/index.php\/producto\/planner-mensual-emblocado\/","title":{"rendered":"Planner Mensual Emblocado"},"content":{"rendered":"","protected":false},"excerpt":{"rendered":"<div>\n<div class=\"scroller\">\n<div class=\"row\">\n<div class=\"col-xs-12 col-md-7 d-none d-md-inline\">\n<div class=\"sticky\">\n<div>\n<div class=\"markdown\">\n<div>\n<p>&#8220;Planific\u00e1 tu mes llena de color! Planner A4, la soluci\u00f3n perfecta Con 12 hojas para organizarte todo el a\u00f1o!<\/p>\n<p>\u2705Tama\u00f1o A4&#8221;<\/p>\n<\/div>\n<\/div>\n<\/div>\n<\/div>\n<\/div>\n<\/div>\n<\/div>\n<\/div>\n<div><\/div>\n","protected":false},"featured_media":25674,"comment_status":"open","ping_status":"closed","template":"","meta":[],"product_brand":[],"product_cat":[146,148],"product_tag":[],"class_list":{"0":"post-25671","1":"product","2":"type-product","3":"status-publish","4":"has-post-thumbnail","6":"product_cat-libreria","7":"product_cat-planners","9":"first","10":"instock","11":"shipping-taxable","12":"product-type-variable"},"_links":{"self":[{"href":"https:\/\/lkdeco.com.ar\/index.php\/wp-json\/wp\/v2\/product\/25671","targetHints":{"allow":["GET"]}}],"collection":[{"href":"https:\/\/lkdeco.com.ar\/index.php\/wp-json\/wp\/v2\/product"}],"about":[{"href":"https:\/\/lkdeco.com.ar\/index.php\/wp-json\/wp\/v2\/types\/product"}],"replies":[{"embeddable":true,"href":"https:\/\/lkdeco.com.ar\/index.php\/wp-json\/wp\/v2\/comments?post=25671"}],"version-history":[{"count":0,"href":"https:\/\/lkdeco.com.ar\/index.php\/wp-json\/wp\/v2\/product\/25671\/revisions"}],"wp:featuredmedia":[{"embeddable":true,"href":"https:\/\/lkdeco.com.ar\/index.php\/wp-json\/wp\/v2\/media\/25674"}],"wp:attachment":[{"href":"https:\/\/lkdeco.com.ar\/index.php\/wp-json\/wp\/v2\/media?parent=25671"}],"wp:term":[{"taxonomy":"product_brand","embeddable":true,"href":"https:\/\/lkdeco.com.ar\/index.php\/wp-json\/wp\/v2\/product_brand?post=25671"},{"taxonomy":"product_cat","embeddable":true,"href":"https:\/\/lkdeco.com.ar\/index.php\/wp-json\/wp\/v2\/product_cat?post=25671"},{"taxonomy":"product_tag","embeddable":true,"href":"https:\/\/lkdeco.com.ar\/index.php\/wp-json\/wp\/v2\/product_tag?post=25671"}],"curies":[{"name":"wp","href":"https:\/\/api.w.org\/{rel}","templated":true}]}}