{"id":25461,"date":"2024-11-11T15:22:04","date_gmt":"2024-11-11T15:22:04","guid":{"rendered":"https:\/\/lkdeco.com.ar\/?post_type=product&#038;p=25461"},"modified":"2024-11-11T15:22:04","modified_gmt":"2024-11-11T15:22:04","slug":"cortina-de-bano-daca-con-puntilla","status":"publish","type":"product","link":"https:\/\/lkdeco.com.ar\/index.php\/producto\/cortina-de-bano-daca-con-puntilla\/","title":{"rendered":"Cortina de ba\u00f1o Daca con Puntilla"},"content":{"rendered":"<p>Cortina de ba\u00f1o de tela de cloqu\u00e9 con puntilla.<\/p>\n<p>Con 12 ojales bordados para evitar que los ojalillos que con el paso del tiempo se oxiden y produzcan manchas.<\/p>\n<p>*Las medidas pueden sufrir una modificaci\u00f3n de +\/- 1cm en el proceso de confecci\u00f3n.<\/p>\n<p>Dise\u00f1ado y fabricado en Argentina.<\/p>\n","protected":false},"excerpt":{"rendered":"<div class=\"elementor-element elementor-element-4262ecb elementor-widget elementor-widget-woocommerce-product-short-description\" data-id=\"4262ecb\" data-element_type=\"widget\" data-widget_type=\"woocommerce-product-short-description.default\">\n<div class=\"elementor-widget-container\">\n<div class=\"woocommerce-product-details__short-description\">\n<p>Material: 100% Poli\u00e9ster<\/p>\n<ul>\n<li>Ojales bordados<\/li>\n<li>Lavado delicado<\/li>\n<li>Secado r\u00e1pido<\/li>\n<li>Suave al tacto<\/li>\n<li>Medida: 1.80 x 1.80 cm<\/li>\n<\/ul>\n<\/div>\n<\/div>\n<\/div>\n<div class=\"elementor-element elementor-element-7dd154c elementor-widget-divider--view-line elementor-widget elementor-widget-divider\" data-id=\"7dd154c\" data-element_type=\"widget\" data-widget_type=\"divider.default\">\n<div class=\"elementor-widget-container\">\n<div class=\"elementor-divider\"><\/div>\n<\/div>\n<\/div>\n<div class=\"elementor-element elementor-element-210ed0b elementor-widget elementor-widget-woocommerce-product-content\" data-id=\"210ed0b\" data-element_type=\"widget\" data-widget_type=\"woocommerce-product-content.default\">\n<div class=\"elementor-widget-container\">\n<p>&nbsp;<\/p>\n<\/div>\n<\/div>\n","protected":false},"featured_media":25445,"comment_status":"open","ping_status":"closed","template":"","meta":[],"product_brand":[],"product_cat":[170],"product_tag":[],"class_list":{"0":"post-25461","1":"product","2":"type-product","3":"status-publish","4":"has-post-thumbnail","6":"product_cat-cortinas-de-bano","8":"first","9":"instock","10":"shipping-taxable","11":"product-type-variable"},"_links":{"self":[{"href":"https:\/\/lkdeco.com.ar\/index.php\/wp-json\/wp\/v2\/product\/25461","targetHints":{"allow":["GET"]}}],"collection":[{"href":"https:\/\/lkdeco.com.ar\/index.php\/wp-json\/wp\/v2\/product"}],"about":[{"href":"https:\/\/lkdeco.com.ar\/index.php\/wp-json\/wp\/v2\/types\/product"}],"replies":[{"embeddable":true,"href":"https:\/\/lkdeco.com.ar\/index.php\/wp-json\/wp\/v2\/comments?post=25461"}],"version-history":[{"count":0,"href":"https:\/\/lkdeco.com.ar\/index.php\/wp-json\/wp\/v2\/product\/25461\/revisions"}],"wp:featuredmedia":[{"embeddable":true,"href":"https:\/\/lkdeco.com.ar\/index.php\/wp-json\/wp\/v2\/media\/25445"}],"wp:attachment":[{"href":"https:\/\/lkdeco.com.ar\/index.php\/wp-json\/wp\/v2\/media?parent=25461"}],"wp:term":[{"taxonomy":"product_brand","embeddable":true,"href":"https:\/\/lkdeco.com.ar\/index.php\/wp-json\/wp\/v2\/product_brand?post=25461"},{"taxonomy":"product_cat","embeddable":true,"href":"https:\/\/lkdeco.com.ar\/index.php\/wp-json\/wp\/v2\/product_cat?post=25461"},{"taxonomy":"product_tag","embeddable":true,"href":"https:\/\/lkdeco.com.ar\/index.php\/wp-json\/wp\/v2\/product_tag?post=25461"}],"curies":[{"name":"wp","href":"https:\/\/api.w.org\/{rel}","templated":true}]}}