{"id":24503,"date":"2024-09-04T16:53:29","date_gmt":"2024-09-04T16:53:29","guid":{"rendered":"https:\/\/lkdeco.com.ar\/index.php\/producto\/set-de-latas-cosas-buenas\/"},"modified":"2025-07-26T14:43:04","modified_gmt":"2025-07-26T14:43:04","slug":"set-de-latas-cosas-buenas","status":"publish","type":"product","link":"https:\/\/lkdeco.com.ar\/index.php\/producto\/set-de-latas-cosas-buenas\/","title":{"rendered":"Set de Latas Cosas Buenas"},"content":{"rendered":"","protected":false},"excerpt":{"rendered":"<p>\u2728Set de latas de hojalata con pico vertedor pl\u00e1stico. Son ideales para contener yerba o az\u00facar. Con hermosos dise\u00f1os, frescos y renovados -Medidas: chica: 11 x 8,5 cm di\u00e1m. grande: 16,5 x 8,5 cm di\u00e1m. -Material: Hojalata con impresi\u00f3n en litograf\u00eda a todo color.<\/p>\n","protected":false},"featured_media":24486,"comment_status":"open","ping_status":"closed","template":"","meta":[],"product_brand":[],"product_cat":[185],"product_tag":[],"class_list":{"0":"post-24503","1":"product","2":"type-product","3":"status-publish","4":"has-post-thumbnail","6":"product_cat-yerberas-y-azucareras","8":"first","9":"instock","10":"shipping-taxable","11":"product-type-simple"},"_links":{"self":[{"href":"https:\/\/lkdeco.com.ar\/index.php\/wp-json\/wp\/v2\/product\/24503","targetHints":{"allow":["GET"]}}],"collection":[{"href":"https:\/\/lkdeco.com.ar\/index.php\/wp-json\/wp\/v2\/product"}],"about":[{"href":"https:\/\/lkdeco.com.ar\/index.php\/wp-json\/wp\/v2\/types\/product"}],"replies":[{"embeddable":true,"href":"https:\/\/lkdeco.com.ar\/index.php\/wp-json\/wp\/v2\/comments?post=24503"}],"version-history":[{"count":0,"href":"https:\/\/lkdeco.com.ar\/index.php\/wp-json\/wp\/v2\/product\/24503\/revisions"}],"wp:featuredmedia":[{"embeddable":true,"href":"https:\/\/lkdeco.com.ar\/index.php\/wp-json\/wp\/v2\/media\/24486"}],"wp:attachment":[{"href":"https:\/\/lkdeco.com.ar\/index.php\/wp-json\/wp\/v2\/media?parent=24503"}],"wp:term":[{"taxonomy":"product_brand","embeddable":true,"href":"https:\/\/lkdeco.com.ar\/index.php\/wp-json\/wp\/v2\/product_brand?post=24503"},{"taxonomy":"product_cat","embeddable":true,"href":"https:\/\/lkdeco.com.ar\/index.php\/wp-json\/wp\/v2\/product_cat?post=24503"},{"taxonomy":"product_tag","embeddable":true,"href":"https:\/\/lkdeco.com.ar\/index.php\/wp-json\/wp\/v2\/product_tag?post=24503"}],"curies":[{"name":"wp","href":"https:\/\/api.w.org\/{rel}","templated":true}]}}