{"id":22867,"date":"2024-03-20T16:19:16","date_gmt":"2024-03-20T16:19:16","guid":{"rendered":"https:\/\/lkdeco.com.ar\/?post_type=product&#038;p=22867"},"modified":"2024-11-27T20:09:47","modified_gmt":"2024-11-27T20:09:47","slug":"bolso-matero-matelasse-lunares","status":"publish","type":"product","link":"https:\/\/lkdeco.com.ar\/index.php\/producto\/bolso-matero-matelasse-lunares\/","title":{"rendered":"Bolso Matero Matelasse Lunares"},"content":{"rendered":"<p>\u2705Medidas 34&#215;23 cm y 11 cm de profundidad<\/p>\n","protected":false},"excerpt":{"rendered":"<p>Hermoso bolso matero que tambi\u00e9n es mochila!! S\u00faper pr\u00e1ctico para llevar de todo! ?<\/p>\n<p>Y lo m\u00e1s importante de todo , te entra cualquier tipo de termo que tengas y tiene una tela impermeable por dentro asi que si se te mancha no pasa nada ya que podes limpiarlo s\u00faper f\u00e1cil<\/p>\n<p>Espaciosa y con manijas para que sea mas pr\u00e1ctico?, siempre con los hermosos dise\u00f1os de Watermelon??.<\/p>\n","protected":false},"featured_media":22868,"comment_status":"open","ping_status":"closed","template":"","meta":[],"product_brand":[],"product_cat":[142,138],"product_tag":[],"class_list":{"0":"post-22867","1":"product","2":"type-product","3":"status-publish","4":"has-post-thumbnail","6":"product_cat-bolsos-materos","7":"product_cat-mate","9":"first","10":"instock","11":"shipping-taxable","12":"product-type-simple"},"_links":{"self":[{"href":"https:\/\/lkdeco.com.ar\/index.php\/wp-json\/wp\/v2\/product\/22867","targetHints":{"allow":["GET"]}}],"collection":[{"href":"https:\/\/lkdeco.com.ar\/index.php\/wp-json\/wp\/v2\/product"}],"about":[{"href":"https:\/\/lkdeco.com.ar\/index.php\/wp-json\/wp\/v2\/types\/product"}],"replies":[{"embeddable":true,"href":"https:\/\/lkdeco.com.ar\/index.php\/wp-json\/wp\/v2\/comments?post=22867"}],"version-history":[{"count":0,"href":"https:\/\/lkdeco.com.ar\/index.php\/wp-json\/wp\/v2\/product\/22867\/revisions"}],"wp:featuredmedia":[{"embeddable":true,"href":"https:\/\/lkdeco.com.ar\/index.php\/wp-json\/wp\/v2\/media\/22868"}],"wp:attachment":[{"href":"https:\/\/lkdeco.com.ar\/index.php\/wp-json\/wp\/v2\/media?parent=22867"}],"wp:term":[{"taxonomy":"product_brand","embeddable":true,"href":"https:\/\/lkdeco.com.ar\/index.php\/wp-json\/wp\/v2\/product_brand?post=22867"},{"taxonomy":"product_cat","embeddable":true,"href":"https:\/\/lkdeco.com.ar\/index.php\/wp-json\/wp\/v2\/product_cat?post=22867"},{"taxonomy":"product_tag","embeddable":true,"href":"https:\/\/lkdeco.com.ar\/index.php\/wp-json\/wp\/v2\/product_tag?post=22867"}],"curies":[{"name":"wp","href":"https:\/\/api.w.org\/{rel}","templated":true}]}}