{"id":22560,"date":"2024-02-23T17:21:58","date_gmt":"2024-02-23T17:21:58","guid":{"rendered":"https:\/\/lkdeco.com.ar\/?post_type=product&#038;p=22560"},"modified":"2024-04-18T13:12:10","modified_gmt":"2024-04-18T13:12:10","slug":"difusor-marchand-d-aromes-bergamota-y-orquidea-200-ml","status":"publish","type":"product","link":"https:\/\/lkdeco.com.ar\/index.php\/producto\/difusor-marchand-d-aromes-bergamota-y-orquidea-200-ml\/","title":{"rendered":"Difusor Marchand D&#8217; Aromes Bergamota y Orqu\u00eddea 200 ml"},"content":{"rendered":"<div id=\"product-description-short-46442\" class=\"product-description-short mb-3 truncate_block st_showless_block_0 truncate_cate_desc_0\">\n<div class=\"st_read_more_box\">\n<div id=\"product-description-short-46443\" class=\"product-description-short mb-3 truncate_block st_showless_block_0 truncate_cate_desc_0\">\n<div class=\"st_read_more_box\">\n<div id=\"product-description-short-46444\" class=\"product-description-short mb-3 truncate_block st_showless_block_0 truncate_cate_desc_0\">\n<div class=\"st_read_more_box\">\n<div id=\"product-description-short-46445\" class=\"product-description-short mb-3 truncate_block st_showless_block_0 truncate_cate_desc_0\">\n<div class=\"st_read_more_box\">El aceite esencial de Bergamota posee un aroma afrutado y sutilmente picante. El Orqu\u00eddeas, es exquisito y estimula los sentidos y la relajaci\u00f3n. El mix aporta el equilibrio entre lo afrutado y floral con una base c\u00edtrica que va a transformar tu hogar.<\/div>\n<\/div>\n<\/div>\n<\/div>\n<div class=\"steasy_divider between_short_and_price\"><\/div>\n<\/div>\n<\/div>\n<div class=\"steasy_divider between_short_and_price\"><\/div>\n<\/div>\n<\/div>\n<div class=\"steasy_divider between_short_and_price\"><\/div>\n","protected":false},"excerpt":{"rendered":"<p>El aceite esencial de Bergamota posee un aroma afrutado y sutilmente picante. El Orqu\u00eddeas, es exquisito y estimula los sentidos y la relajaci\u00f3n. El mix aporta el equilibrio entre lo afrutado y floral con una base c\u00edtrica que va a transformar tu hogar.<\/p>\n","protected":false},"featured_media":22562,"comment_status":"open","ping_status":"closed","template":"","meta":[],"product_brand":[],"product_cat":[321,380,379],"product_tag":[],"class_list":{"0":"post-22560","1":"product","2":"type-product","3":"status-publish","4":"has-post-thumbnail","6":"product_cat-alparamis","7":"product_cat-aromas-alparamis","8":"product_cat-marchand-d-aromes","10":"first","11":"instock","12":"shipping-taxable","13":"product-type-simple"},"_links":{"self":[{"href":"https:\/\/lkdeco.com.ar\/index.php\/wp-json\/wp\/v2\/product\/22560","targetHints":{"allow":["GET"]}}],"collection":[{"href":"https:\/\/lkdeco.com.ar\/index.php\/wp-json\/wp\/v2\/product"}],"about":[{"href":"https:\/\/lkdeco.com.ar\/index.php\/wp-json\/wp\/v2\/types\/product"}],"replies":[{"embeddable":true,"href":"https:\/\/lkdeco.com.ar\/index.php\/wp-json\/wp\/v2\/comments?post=22560"}],"version-history":[{"count":0,"href":"https:\/\/lkdeco.com.ar\/index.php\/wp-json\/wp\/v2\/product\/22560\/revisions"}],"wp:featuredmedia":[{"embeddable":true,"href":"https:\/\/lkdeco.com.ar\/index.php\/wp-json\/wp\/v2\/media\/22562"}],"wp:attachment":[{"href":"https:\/\/lkdeco.com.ar\/index.php\/wp-json\/wp\/v2\/media?parent=22560"}],"wp:term":[{"taxonomy":"product_brand","embeddable":true,"href":"https:\/\/lkdeco.com.ar\/index.php\/wp-json\/wp\/v2\/product_brand?post=22560"},{"taxonomy":"product_cat","embeddable":true,"href":"https:\/\/lkdeco.com.ar\/index.php\/wp-json\/wp\/v2\/product_cat?post=22560"},{"taxonomy":"product_tag","embeddable":true,"href":"https:\/\/lkdeco.com.ar\/index.php\/wp-json\/wp\/v2\/product_tag?post=22560"}],"curies":[{"name":"wp","href":"https:\/\/api.w.org\/{rel}","templated":true}]}}