{"id":22548,"date":"2024-02-23T17:05:26","date_gmt":"2024-02-23T17:05:26","guid":{"rendered":"https:\/\/lkdeco.com.ar\/?post_type=product&#038;p=22548"},"modified":"2024-04-18T13:11:17","modified_gmt":"2024-04-18T13:11:17","slug":"aromatizador-marchand-d-aromes-verbena-y-limon-510-ml","status":"publish","type":"product","link":"https:\/\/lkdeco.com.ar\/index.php\/producto\/aromatizador-marchand-d-aromes-verbena-y-limon-510-ml\/","title":{"rendered":"Aromatizador con gatillo Marchand D&#8217; Aromes Verbena y Lim\u00f3n 510 ml"},"content":{"rendered":"<p>La verbena genera un efecto calmante para regular el estr\u00e9s. Posee propiedades que despejan la mente. El aceite esencial de lim\u00f3n posee propiedades refrescantes y antis\u00e9pticas que estimulan mente y cuerpo. Su combinaci\u00f3n aportan notas frescas con un fondo<\/p>\n","protected":false},"excerpt":{"rendered":"<p>La verbena genera un efecto calmante para regular el estr\u00e9s. Posee propiedades que despejan la mente. El aceite esencial de lim\u00f3n posee propiedades refrescantes y antis\u00e9pticas que estimulan mente y cuerpo. Su combinaci\u00f3n aportan notas frescas con un fondo<\/p>\n","protected":false},"featured_media":22549,"comment_status":"open","ping_status":"closed","template":"","meta":[],"product_brand":[],"product_cat":[321,380,379],"product_tag":[],"class_list":{"0":"post-22548","1":"product","2":"type-product","3":"status-publish","4":"has-post-thumbnail","6":"product_cat-alparamis","7":"product_cat-aromas-alparamis","8":"product_cat-marchand-d-aromes","10":"first","11":"instock","12":"shipping-taxable","13":"product-type-simple"},"_links":{"self":[{"href":"https:\/\/lkdeco.com.ar\/index.php\/wp-json\/wp\/v2\/product\/22548","targetHints":{"allow":["GET"]}}],"collection":[{"href":"https:\/\/lkdeco.com.ar\/index.php\/wp-json\/wp\/v2\/product"}],"about":[{"href":"https:\/\/lkdeco.com.ar\/index.php\/wp-json\/wp\/v2\/types\/product"}],"replies":[{"embeddable":true,"href":"https:\/\/lkdeco.com.ar\/index.php\/wp-json\/wp\/v2\/comments?post=22548"}],"version-history":[{"count":0,"href":"https:\/\/lkdeco.com.ar\/index.php\/wp-json\/wp\/v2\/product\/22548\/revisions"}],"wp:featuredmedia":[{"embeddable":true,"href":"https:\/\/lkdeco.com.ar\/index.php\/wp-json\/wp\/v2\/media\/22549"}],"wp:attachment":[{"href":"https:\/\/lkdeco.com.ar\/index.php\/wp-json\/wp\/v2\/media?parent=22548"}],"wp:term":[{"taxonomy":"product_brand","embeddable":true,"href":"https:\/\/lkdeco.com.ar\/index.php\/wp-json\/wp\/v2\/product_brand?post=22548"},{"taxonomy":"product_cat","embeddable":true,"href":"https:\/\/lkdeco.com.ar\/index.php\/wp-json\/wp\/v2\/product_cat?post=22548"},{"taxonomy":"product_tag","embeddable":true,"href":"https:\/\/lkdeco.com.ar\/index.php\/wp-json\/wp\/v2\/product_tag?post=22548"}],"curies":[{"name":"wp","href":"https:\/\/api.w.org\/{rel}","templated":true}]}}