{"id":21047,"date":"2023-11-07T18:39:32","date_gmt":"2023-11-07T18:39:32","guid":{"rendered":"https:\/\/lkdeco.com.ar\/?post_type=product&#038;p=21047"},"modified":"2024-02-27T16:17:53","modified_gmt":"2024-02-27T16:17:53","slug":"12-paquetes-de-8-platos-de-navidad-kraft","status":"publish","type":"product","link":"https:\/\/lkdeco.com.ar\/index.php\/producto\/12-paquetes-de-8-platos-de-navidad-kraft\/","title":{"rendered":"12 Paquetes de 8 Platos de papel Kraft"},"content":{"rendered":"<dl class=\"data-sheet flex_container\">\n<dt class=\"name\"><strong>Ancho (En Cm)<\/strong><\/dt>\n<dd class=\"value flex_child\">18<\/dd>\n<\/dl>\n<dl class=\"data-sheet flex_container\">\n<dt class=\"name\"><strong>Alto (En Cm)<\/strong><\/dt>\n<dd class=\"value flex_child\">18<\/dd>\n<\/dl>\n<dl class=\"data-sheet flex_container\">\n<dt class=\"name\"><strong>Profundidad (En Cm)<\/strong><\/dt>\n<dd class=\"value flex_child\">1<\/dd>\n<\/dl>\n<dl class=\"data-sheet flex_container\">\n<dt class=\"name\"><strong>Peso (En Gr)<\/strong><\/dt>\n<dd class=\"value flex_child\">10<\/dd>\n<\/dl>\n","protected":false},"excerpt":{"rendered":"<p>Set de 12 paquetes de 8 platos de 18 cm de di\u00e1metro de cart\u00f3n Kraft con motivos navide\u00f1os de la colecci\u00f3n Navidad Cl\u00e1sica de Gl\u00fcck, para decorar la mesa en Navidad.<\/p>\n<p>Contiene 3 paquetes de cada uno de los 4 dise\u00f1os.<\/p>\n","protected":false},"featured_media":20979,"comment_status":"open","ping_status":"closed","template":"","meta":[],"product_brand":[],"product_cat":[321,348,353,183,347],"product_tag":[],"class_list":{"0":"post-21047","1":"product","2":"type-product","3":"status-publish","4":"has-post-thumbnail","6":"product_cat-alparamis","7":"product_cat-gluck-navidad","8":"product_cat-mesa-de-navidad","9":"product_cat-navidad","10":"product_cat-navidad-alparamis","12":"first","13":"instock","14":"featured","15":"shipping-taxable","16":"product-type-simple"},"_links":{"self":[{"href":"https:\/\/lkdeco.com.ar\/index.php\/wp-json\/wp\/v2\/product\/21047","targetHints":{"allow":["GET"]}}],"collection":[{"href":"https:\/\/lkdeco.com.ar\/index.php\/wp-json\/wp\/v2\/product"}],"about":[{"href":"https:\/\/lkdeco.com.ar\/index.php\/wp-json\/wp\/v2\/types\/product"}],"replies":[{"embeddable":true,"href":"https:\/\/lkdeco.com.ar\/index.php\/wp-json\/wp\/v2\/comments?post=21047"}],"version-history":[{"count":0,"href":"https:\/\/lkdeco.com.ar\/index.php\/wp-json\/wp\/v2\/product\/21047\/revisions"}],"wp:featuredmedia":[{"embeddable":true,"href":"https:\/\/lkdeco.com.ar\/index.php\/wp-json\/wp\/v2\/media\/20979"}],"wp:attachment":[{"href":"https:\/\/lkdeco.com.ar\/index.php\/wp-json\/wp\/v2\/media?parent=21047"}],"wp:term":[{"taxonomy":"product_brand","embeddable":true,"href":"https:\/\/lkdeco.com.ar\/index.php\/wp-json\/wp\/v2\/product_brand?post=21047"},{"taxonomy":"product_cat","embeddable":true,"href":"https:\/\/lkdeco.com.ar\/index.php\/wp-json\/wp\/v2\/product_cat?post=21047"},{"taxonomy":"product_tag","embeddable":true,"href":"https:\/\/lkdeco.com.ar\/index.php\/wp-json\/wp\/v2\/product_tag?post=21047"}],"curies":[{"name":"wp","href":"https:\/\/api.w.org\/{rel}","templated":true}]}}