{"id":20523,"date":"2023-09-27T19:23:37","date_gmt":"2023-09-27T19:23:37","guid":{"rendered":"https:\/\/lkdeco.com.ar\/?post_type=product&#038;p=20523"},"modified":"2024-07-05T23:23:20","modified_gmt":"2024-07-05T23:23:20","slug":"kit-1","status":"publish","type":"product","link":"https:\/\/lkdeco.com.ar\/index.php\/producto\/kit-1\/","title":{"rendered":"Kit 1"},"content":{"rendered":"<p>Detalle de Cierre con Vivos cosido a m\u00e1quina.<\/p>\n","protected":false},"excerpt":{"rendered":"<p>Kit de belleza Chico.<\/p>\n<p>CONTIENE: 1 portacom\u00e9stico Chico Curvo Cristal, 2 desmaquilladores doble faz: para maquillar y desmaquillar, 1 Cepillo facial al tono de u\u00f1as Patita \u00f3 Estrella.<\/p>\n<p style=\"font-weight: 400;\">Material:\u00a0 PVC libre de Ftalatos.<\/p>\n<p style=\"font-weight: 400;\">Medida: 12 x 17.50 x 2.5 cm de profundidad.<\/p>\n<p>&nbsp;<\/p>\n","protected":false},"featured_media":20532,"comment_status":"open","ping_status":"closed","template":"","meta":[],"product_brand":[],"product_cat":[222,229],"product_tag":[],"class_list":{"0":"post-20523","1":"product","2":"type-product","3":"status-publish","4":"has-post-thumbnail","6":"product_cat-necessaire-comba","7":"product_cat-viaje","9":"first","10":"instock","11":"shipping-taxable","12":"product-type-variable"},"_links":{"self":[{"href":"https:\/\/lkdeco.com.ar\/index.php\/wp-json\/wp\/v2\/product\/20523","targetHints":{"allow":["GET"]}}],"collection":[{"href":"https:\/\/lkdeco.com.ar\/index.php\/wp-json\/wp\/v2\/product"}],"about":[{"href":"https:\/\/lkdeco.com.ar\/index.php\/wp-json\/wp\/v2\/types\/product"}],"replies":[{"embeddable":true,"href":"https:\/\/lkdeco.com.ar\/index.php\/wp-json\/wp\/v2\/comments?post=20523"}],"version-history":[{"count":0,"href":"https:\/\/lkdeco.com.ar\/index.php\/wp-json\/wp\/v2\/product\/20523\/revisions"}],"wp:featuredmedia":[{"embeddable":true,"href":"https:\/\/lkdeco.com.ar\/index.php\/wp-json\/wp\/v2\/media\/20532"}],"wp:attachment":[{"href":"https:\/\/lkdeco.com.ar\/index.php\/wp-json\/wp\/v2\/media?parent=20523"}],"wp:term":[{"taxonomy":"product_brand","embeddable":true,"href":"https:\/\/lkdeco.com.ar\/index.php\/wp-json\/wp\/v2\/product_brand?post=20523"},{"taxonomy":"product_cat","embeddable":true,"href":"https:\/\/lkdeco.com.ar\/index.php\/wp-json\/wp\/v2\/product_cat?post=20523"},{"taxonomy":"product_tag","embeddable":true,"href":"https:\/\/lkdeco.com.ar\/index.php\/wp-json\/wp\/v2\/product_tag?post=20523"}],"curies":[{"name":"wp","href":"https:\/\/api.w.org\/{rel}","templated":true}]}}