{"id":17797,"date":"2022-11-22T16:00:38","date_gmt":"2022-11-22T16:00:38","guid":{"rendered":"https:\/\/lkdeco.com.ar\/?post_type=product&#038;p=17797"},"modified":"2024-06-05T18:22:59","modified_gmt":"2024-06-05T18:22:59","slug":"cortina-broderie-blanca","status":"publish","type":"product","link":"https:\/\/lkdeco.com.ar\/index.php\/producto\/cortina-broderie-blanca\/","title":{"rendered":"Cortina de ba\u00f1o Broderie Blanca"},"content":{"rendered":"<p>Cortina de ba\u00f1o dise\u00f1ada con una delicado aplique de broderie de algod\u00f3n.<\/p>\n","protected":false},"excerpt":{"rendered":"<p>50% Polyester-50% Algod\u00f3n.<\/p>\n<p>Ojales bordados.<\/p>\n<p>Apta lavarropas.<\/p>\n<p>Secado r\u00e1pido.<\/p>\n<p>Medida: 1.80 x 1.80 CM.<\/p>\n<p>&nbsp;<\/p>\n","protected":false},"featured_media":17790,"comment_status":"open","ping_status":"closed","template":"","meta":[],"product_brand":[],"product_cat":[170],"product_tag":[],"class_list":{"0":"post-17797","1":"product","2":"type-product","3":"status-publish","4":"has-post-thumbnail","6":"product_cat-cortinas-de-bano","8":"first","9":"instock","10":"shipping-taxable","11":"product-type-simple"},"_links":{"self":[{"href":"https:\/\/lkdeco.com.ar\/index.php\/wp-json\/wp\/v2\/product\/17797","targetHints":{"allow":["GET"]}}],"collection":[{"href":"https:\/\/lkdeco.com.ar\/index.php\/wp-json\/wp\/v2\/product"}],"about":[{"href":"https:\/\/lkdeco.com.ar\/index.php\/wp-json\/wp\/v2\/types\/product"}],"replies":[{"embeddable":true,"href":"https:\/\/lkdeco.com.ar\/index.php\/wp-json\/wp\/v2\/comments?post=17797"}],"version-history":[{"count":0,"href":"https:\/\/lkdeco.com.ar\/index.php\/wp-json\/wp\/v2\/product\/17797\/revisions"}],"wp:featuredmedia":[{"embeddable":true,"href":"https:\/\/lkdeco.com.ar\/index.php\/wp-json\/wp\/v2\/media\/17790"}],"wp:attachment":[{"href":"https:\/\/lkdeco.com.ar\/index.php\/wp-json\/wp\/v2\/media?parent=17797"}],"wp:term":[{"taxonomy":"product_brand","embeddable":true,"href":"https:\/\/lkdeco.com.ar\/index.php\/wp-json\/wp\/v2\/product_brand?post=17797"},{"taxonomy":"product_cat","embeddable":true,"href":"https:\/\/lkdeco.com.ar\/index.php\/wp-json\/wp\/v2\/product_cat?post=17797"},{"taxonomy":"product_tag","embeddable":true,"href":"https:\/\/lkdeco.com.ar\/index.php\/wp-json\/wp\/v2\/product_tag?post=17797"}],"curies":[{"name":"wp","href":"https:\/\/api.w.org\/{rel}","templated":true}]}}