{"id":16559,"date":"2022-08-27T18:31:41","date_gmt":"2022-08-27T18:31:41","guid":{"rendered":"https:\/\/lkdeco.com.ar\/?post_type=product&#038;p=16559"},"modified":"2026-03-06T15:39:44","modified_gmt":"2026-03-06T15:39:44","slug":"esponja-borla-para-cosmeticos-chica","status":"publish","type":"product","link":"https:\/\/lkdeco.com.ar\/index.php\/producto\/esponja-borla-para-cosmeticos-chica\/","title":{"rendered":"Esponja gota para cosm\u00e9ticos chica"},"content":{"rendered":"","protected":false},"excerpt":{"rendered":"<p>Las esponjas para maquillaje vienen en colores surtidos.<\/p>\n<p>Su forma te  permite acceder a zonas dif\u00edciles con facilidad.<\/p>\n<p>Utiliz\u00e1 el lado puntiagudo para los lugares dif\u00edciles de alcanzar, como los lados de la nariz, de la boca, y debajo de los ojos. La parte redonda para aplicar bases y rubores en las \u00e1reas m\u00e1s grandes de la cara como la frente, las mejillas y el ment\u00f3n.<\/p>\n","protected":false},"featured_media":16532,"comment_status":"open","ping_status":"closed","template":"","meta":[],"product_brand":[],"product_cat":[190,191,89,215],"product_tag":[],"class_list":{"0":"post-16559","1":"product","2":"type-product","3":"status-publish","4":"has-post-thumbnail","6":"product_cat-belleza","7":"product_cat-brochas-y-aplicadores","8":"product_cat-bunguis","9":"product_cat-facial","11":"first","12":"instock","13":"shipping-taxable","14":"product-type-simple"},"_links":{"self":[{"href":"https:\/\/lkdeco.com.ar\/index.php\/wp-json\/wp\/v2\/product\/16559","targetHints":{"allow":["GET"]}}],"collection":[{"href":"https:\/\/lkdeco.com.ar\/index.php\/wp-json\/wp\/v2\/product"}],"about":[{"href":"https:\/\/lkdeco.com.ar\/index.php\/wp-json\/wp\/v2\/types\/product"}],"replies":[{"embeddable":true,"href":"https:\/\/lkdeco.com.ar\/index.php\/wp-json\/wp\/v2\/comments?post=16559"}],"version-history":[{"count":0,"href":"https:\/\/lkdeco.com.ar\/index.php\/wp-json\/wp\/v2\/product\/16559\/revisions"}],"wp:featuredmedia":[{"embeddable":true,"href":"https:\/\/lkdeco.com.ar\/index.php\/wp-json\/wp\/v2\/media\/16532"}],"wp:attachment":[{"href":"https:\/\/lkdeco.com.ar\/index.php\/wp-json\/wp\/v2\/media?parent=16559"}],"wp:term":[{"taxonomy":"product_brand","embeddable":true,"href":"https:\/\/lkdeco.com.ar\/index.php\/wp-json\/wp\/v2\/product_brand?post=16559"},{"taxonomy":"product_cat","embeddable":true,"href":"https:\/\/lkdeco.com.ar\/index.php\/wp-json\/wp\/v2\/product_cat?post=16559"},{"taxonomy":"product_tag","embeddable":true,"href":"https:\/\/lkdeco.com.ar\/index.php\/wp-json\/wp\/v2\/product_tag?post=16559"}],"curies":[{"name":"wp","href":"https:\/\/api.w.org\/{rel}","templated":true}]}}