{"id":15299,"date":"2022-10-06T14:51:13","date_gmt":"2022-10-06T14:51:13","guid":{"rendered":"https:\/\/lkdeco.com.ar\/?post_type=product&#038;p=15299"},"modified":"2026-03-06T15:12:26","modified_gmt":"2026-03-06T15:12:26","slug":"law-colores","status":"publish","type":"product","link":"https:\/\/lkdeco.com.ar\/index.php\/producto\/law-colores\/","title":{"rendered":"Cortina de ba\u00f1o Law Colores"},"content":{"rendered":"<p>Las cortinas de ba\u00f1o pueden ser ese toque definitivo que d\u00e9 personalidad a tu ba\u00f1o.<\/p>\n<p>Muchos de los modelos que elegimos son estampadas y tienen dibujos o colores de plena tendencia.<\/p>\n","protected":false},"excerpt":{"rendered":"<p>Cortina con letras de colores que son tendencia, malvas, rosas y azules.<\/p>\n<p><strong>100% microfibra polyester satinada<\/strong><\/p>\n<ul>\n<li>Ojales bordados<\/li>\n<li>Apta lavarropas<\/li>\n<li>Secado r\u00e1pido<\/li>\n<li>Suave al tacto<\/li>\n<li>Medida: 1.80 x 1.80 cm<\/li>\n<\/ul>\n","protected":false},"featured_media":15166,"comment_status":"open","ping_status":"closed","template":"","meta":[],"product_brand":[],"product_cat":[170],"product_tag":[],"class_list":{"0":"post-15299","1":"product","2":"type-product","3":"status-publish","4":"has-post-thumbnail","6":"product_cat-cortinas-de-bano","8":"first","9":"instock","10":"shipping-taxable","11":"product-type-simple"},"_links":{"self":[{"href":"https:\/\/lkdeco.com.ar\/index.php\/wp-json\/wp\/v2\/product\/15299","targetHints":{"allow":["GET"]}}],"collection":[{"href":"https:\/\/lkdeco.com.ar\/index.php\/wp-json\/wp\/v2\/product"}],"about":[{"href":"https:\/\/lkdeco.com.ar\/index.php\/wp-json\/wp\/v2\/types\/product"}],"replies":[{"embeddable":true,"href":"https:\/\/lkdeco.com.ar\/index.php\/wp-json\/wp\/v2\/comments?post=15299"}],"version-history":[{"count":0,"href":"https:\/\/lkdeco.com.ar\/index.php\/wp-json\/wp\/v2\/product\/15299\/revisions"}],"wp:featuredmedia":[{"embeddable":true,"href":"https:\/\/lkdeco.com.ar\/index.php\/wp-json\/wp\/v2\/media\/15166"}],"wp:attachment":[{"href":"https:\/\/lkdeco.com.ar\/index.php\/wp-json\/wp\/v2\/media?parent=15299"}],"wp:term":[{"taxonomy":"product_brand","embeddable":true,"href":"https:\/\/lkdeco.com.ar\/index.php\/wp-json\/wp\/v2\/product_brand?post=15299"},{"taxonomy":"product_cat","embeddable":true,"href":"https:\/\/lkdeco.com.ar\/index.php\/wp-json\/wp\/v2\/product_cat?post=15299"},{"taxonomy":"product_tag","embeddable":true,"href":"https:\/\/lkdeco.com.ar\/index.php\/wp-json\/wp\/v2\/product_tag?post=15299"}],"curies":[{"name":"wp","href":"https:\/\/api.w.org\/{rel}","templated":true}]}}