{"id":15221,"date":"2022-10-05T21:28:10","date_gmt":"2022-10-05T21:28:10","guid":{"rendered":"https:\/\/lkdeco.com.ar\/?post_type=product&#038;p=15221"},"modified":"2024-11-08T15:56:36","modified_gmt":"2024-11-08T15:56:36","slug":"modelo-selva-brown","status":"publish","type":"product","link":"https:\/\/lkdeco.com.ar\/index.php\/producto\/modelo-selva-brown\/","title":{"rendered":"Cortina de ba\u00f1o Selva Brown"},"content":{"rendered":"<p>Las cortinas de ba\u00f1o pueden ser ese toque definitivo que d\u00e9 personalidad a tu ba\u00f1o.<\/p>\n<p>Muchos de los modelos que elegimos son estampadas y tienen dibujos o colores de plena tendencia.<\/p>\n","protected":false},"excerpt":{"rendered":"<p>\u00bfY si te anim\u00e1s con ilustraciones de jirafas y tigres?.<\/p>\n<p>Esta cortina nos convence por su divertido dise\u00f1o selv\u00e1tico, de plena tendencia, sobre una tela con funci\u00f3n antimoho.<\/p>\n<p><strong>100% microfibra polyester satinada<\/strong><\/p>\n<ul>\n<li>Ojales bordados<\/li>\n<li>Apta lavarropas<\/li>\n<li>Secado r\u00e1pido<\/li>\n<li>Suave al tacto<\/li>\n<li>Medida: 1.80 x 1.80 cm<\/li>\n<\/ul>\n","protected":false},"featured_media":15181,"comment_status":"open","ping_status":"closed","template":"","meta":[],"product_brand":[],"product_cat":[170],"product_tag":[],"class_list":{"0":"post-15221","1":"product","2":"type-product","3":"status-publish","4":"has-post-thumbnail","6":"product_cat-cortinas-de-bano","8":"first","9":"instock","10":"shipping-taxable","11":"product-type-simple"},"_links":{"self":[{"href":"https:\/\/lkdeco.com.ar\/index.php\/wp-json\/wp\/v2\/product\/15221","targetHints":{"allow":["GET"]}}],"collection":[{"href":"https:\/\/lkdeco.com.ar\/index.php\/wp-json\/wp\/v2\/product"}],"about":[{"href":"https:\/\/lkdeco.com.ar\/index.php\/wp-json\/wp\/v2\/types\/product"}],"replies":[{"embeddable":true,"href":"https:\/\/lkdeco.com.ar\/index.php\/wp-json\/wp\/v2\/comments?post=15221"}],"version-history":[{"count":0,"href":"https:\/\/lkdeco.com.ar\/index.php\/wp-json\/wp\/v2\/product\/15221\/revisions"}],"wp:featuredmedia":[{"embeddable":true,"href":"https:\/\/lkdeco.com.ar\/index.php\/wp-json\/wp\/v2\/media\/15181"}],"wp:attachment":[{"href":"https:\/\/lkdeco.com.ar\/index.php\/wp-json\/wp\/v2\/media?parent=15221"}],"wp:term":[{"taxonomy":"product_brand","embeddable":true,"href":"https:\/\/lkdeco.com.ar\/index.php\/wp-json\/wp\/v2\/product_brand?post=15221"},{"taxonomy":"product_cat","embeddable":true,"href":"https:\/\/lkdeco.com.ar\/index.php\/wp-json\/wp\/v2\/product_cat?post=15221"},{"taxonomy":"product_tag","embeddable":true,"href":"https:\/\/lkdeco.com.ar\/index.php\/wp-json\/wp\/v2\/product_tag?post=15221"}],"curies":[{"name":"wp","href":"https:\/\/api.w.org\/{rel}","templated":true}]}}