{"id":13428,"date":"2022-08-10T14:27:10","date_gmt":"2022-08-10T14:27:10","guid":{"rendered":"https:\/\/lkdeco.com.ar\/?post_type=product&#038;p=13428"},"modified":"2026-03-06T15:39:45","modified_gmt":"2026-03-06T15:39:45","slug":"antideslizantes-para-banera-elefante","status":"publish","type":"product","link":"https:\/\/lkdeco.com.ar\/index.php\/producto\/antideslizantes-para-banera-elefante\/","title":{"rendered":"Antideslizantes para ba\u00f1era Elefante"},"content":{"rendered":"","protected":false},"excerpt":{"rendered":"<p>Divertidos antideslizantes para ba\u00f1era, con amplia forma de: Hipop\u00f3tamo, Elefante, Rana y Pato. Cada pack contiene 3 unidades.<\/p>\n","protected":false},"featured_media":13429,"comment_status":"open","ping_status":"closed","template":"","meta":[],"product_brand":[],"product_cat":[89,101],"product_tag":[],"class_list":{"0":"post-13428","1":"product","2":"type-product","3":"status-publish","4":"has-post-thumbnail","6":"product_cat-bunguis","7":"product_cat-linea-infantil","9":"first","10":"instock","11":"shipping-taxable","12":"product-type-simple"},"_links":{"self":[{"href":"https:\/\/lkdeco.com.ar\/index.php\/wp-json\/wp\/v2\/product\/13428","targetHints":{"allow":["GET"]}}],"collection":[{"href":"https:\/\/lkdeco.com.ar\/index.php\/wp-json\/wp\/v2\/product"}],"about":[{"href":"https:\/\/lkdeco.com.ar\/index.php\/wp-json\/wp\/v2\/types\/product"}],"replies":[{"embeddable":true,"href":"https:\/\/lkdeco.com.ar\/index.php\/wp-json\/wp\/v2\/comments?post=13428"}],"version-history":[{"count":0,"href":"https:\/\/lkdeco.com.ar\/index.php\/wp-json\/wp\/v2\/product\/13428\/revisions"}],"wp:featuredmedia":[{"embeddable":true,"href":"https:\/\/lkdeco.com.ar\/index.php\/wp-json\/wp\/v2\/media\/13429"}],"wp:attachment":[{"href":"https:\/\/lkdeco.com.ar\/index.php\/wp-json\/wp\/v2\/media?parent=13428"}],"wp:term":[{"taxonomy":"product_brand","embeddable":true,"href":"https:\/\/lkdeco.com.ar\/index.php\/wp-json\/wp\/v2\/product_brand?post=13428"},{"taxonomy":"product_cat","embeddable":true,"href":"https:\/\/lkdeco.com.ar\/index.php\/wp-json\/wp\/v2\/product_cat?post=13428"},{"taxonomy":"product_tag","embeddable":true,"href":"https:\/\/lkdeco.com.ar\/index.php\/wp-json\/wp\/v2\/product_tag?post=13428"}],"curies":[{"name":"wp","href":"https:\/\/api.w.org\/{rel}","templated":true}]}}