{"id":13411,"date":"2022-08-10T13:39:05","date_gmt":"2022-08-10T13:39:05","guid":{"rendered":"https:\/\/lkdeco.com.ar\/?post_type=product&#038;p=13411"},"modified":"2026-03-06T15:39:45","modified_gmt":"2026-03-06T15:39:45","slug":"traba-puerta-infantil-rana","status":"publish","type":"product","link":"https:\/\/lkdeco.com.ar\/index.php\/producto\/traba-puerta-infantil-rana\/","title":{"rendered":"Traba Puerta Infantil Rana"},"content":{"rendered":"","protected":false},"excerpt":{"rendered":"<p>Exclusivo dise\u00f1o de traba puertas en forma de Perro, Rana y Pato. Ideales para las habitaciones de los mas peque\u00f1os o para mantener puertas abiertas a la hora de jugar y a su vez cuidar los deditos de los ni\u00f1os!!<\/p>\n","protected":false},"featured_media":13410,"comment_status":"open","ping_status":"closed","template":"","meta":[],"product_brand":[],"product_cat":[89,101],"product_tag":[],"class_list":{"0":"post-13411","1":"product","2":"type-product","3":"status-publish","4":"has-post-thumbnail","6":"product_cat-bunguis","7":"product_cat-linea-infantil","9":"first","10":"instock","11":"shipping-taxable","12":"product-type-simple"},"_links":{"self":[{"href":"https:\/\/lkdeco.com.ar\/index.php\/wp-json\/wp\/v2\/product\/13411","targetHints":{"allow":["GET"]}}],"collection":[{"href":"https:\/\/lkdeco.com.ar\/index.php\/wp-json\/wp\/v2\/product"}],"about":[{"href":"https:\/\/lkdeco.com.ar\/index.php\/wp-json\/wp\/v2\/types\/product"}],"replies":[{"embeddable":true,"href":"https:\/\/lkdeco.com.ar\/index.php\/wp-json\/wp\/v2\/comments?post=13411"}],"version-history":[{"count":0,"href":"https:\/\/lkdeco.com.ar\/index.php\/wp-json\/wp\/v2\/product\/13411\/revisions"}],"wp:featuredmedia":[{"embeddable":true,"href":"https:\/\/lkdeco.com.ar\/index.php\/wp-json\/wp\/v2\/media\/13410"}],"wp:attachment":[{"href":"https:\/\/lkdeco.com.ar\/index.php\/wp-json\/wp\/v2\/media?parent=13411"}],"wp:term":[{"taxonomy":"product_brand","embeddable":true,"href":"https:\/\/lkdeco.com.ar\/index.php\/wp-json\/wp\/v2\/product_brand?post=13411"},{"taxonomy":"product_cat","embeddable":true,"href":"https:\/\/lkdeco.com.ar\/index.php\/wp-json\/wp\/v2\/product_cat?post=13411"},{"taxonomy":"product_tag","embeddable":true,"href":"https:\/\/lkdeco.com.ar\/index.php\/wp-json\/wp\/v2\/product_tag?post=13411"}],"curies":[{"name":"wp","href":"https:\/\/api.w.org\/{rel}","templated":true}]}}