{"id":13290,"date":"2022-08-05T17:43:04","date_gmt":"2022-08-05T17:43:04","guid":{"rendered":"https:\/\/dazzling-bardeen.35-230-54-213.plesk.page\/?post_type=product&#038;p=13290"},"modified":"2026-03-06T15:39:44","modified_gmt":"2026-03-06T15:39:44","slug":"set-de-aplicadores","status":"publish","type":"product","link":"https:\/\/lkdeco.com.ar\/index.php\/producto\/set-de-aplicadores\/","title":{"rendered":"Set de Aplicadores"},"content":{"rendered":"","protected":false},"excerpt":{"rendered":"<p>Set de brochas para aplicar maquillaje, tiene una tapa contenedora para proteger los cepillos de distintos tama\u00f1os. Tambi\u00e9n tiene un espejo para utilizar cuando realizamos la aplicaci\u00f3n de alguna sombra o rubor, es por este detalle que es ideal para llevarlo en la cartera!<\/p>\n","protected":false},"featured_media":13291,"comment_status":"open","ping_status":"closed","template":"","meta":[],"product_brand":[],"product_cat":[190,191,89],"product_tag":[],"class_list":{"0":"post-13290","1":"product","2":"type-product","3":"status-publish","4":"has-post-thumbnail","6":"product_cat-belleza","7":"product_cat-brochas-y-aplicadores","8":"product_cat-bunguis","10":"first","11":"instock","12":"shipping-taxable","13":"product-type-simple"},"_links":{"self":[{"href":"https:\/\/lkdeco.com.ar\/index.php\/wp-json\/wp\/v2\/product\/13290","targetHints":{"allow":["GET"]}}],"collection":[{"href":"https:\/\/lkdeco.com.ar\/index.php\/wp-json\/wp\/v2\/product"}],"about":[{"href":"https:\/\/lkdeco.com.ar\/index.php\/wp-json\/wp\/v2\/types\/product"}],"replies":[{"embeddable":true,"href":"https:\/\/lkdeco.com.ar\/index.php\/wp-json\/wp\/v2\/comments?post=13290"}],"version-history":[{"count":0,"href":"https:\/\/lkdeco.com.ar\/index.php\/wp-json\/wp\/v2\/product\/13290\/revisions"}],"wp:featuredmedia":[{"embeddable":true,"href":"https:\/\/lkdeco.com.ar\/index.php\/wp-json\/wp\/v2\/media\/13291"}],"wp:attachment":[{"href":"https:\/\/lkdeco.com.ar\/index.php\/wp-json\/wp\/v2\/media?parent=13290"}],"wp:term":[{"taxonomy":"product_brand","embeddable":true,"href":"https:\/\/lkdeco.com.ar\/index.php\/wp-json\/wp\/v2\/product_brand?post=13290"},{"taxonomy":"product_cat","embeddable":true,"href":"https:\/\/lkdeco.com.ar\/index.php\/wp-json\/wp\/v2\/product_cat?post=13290"},{"taxonomy":"product_tag","embeddable":true,"href":"https:\/\/lkdeco.com.ar\/index.php\/wp-json\/wp\/v2\/product_tag?post=13290"}],"curies":[{"name":"wp","href":"https:\/\/api.w.org\/{rel}","templated":true}]}}