{"id":13261,"date":"2022-08-05T16:21:51","date_gmt":"2022-08-05T16:21:51","guid":{"rendered":"https:\/\/dazzling-bardeen.35-230-54-213.plesk.page\/?post_type=product&#038;p=13261"},"modified":"2026-03-06T15:39:43","modified_gmt":"2026-03-06T15:39:43","slug":"esponja-de-red-rosa","status":"publish","type":"product","link":"https:\/\/lkdeco.com.ar\/index.php\/producto\/esponja-de-red-rosa\/","title":{"rendered":"Esponja de Red Rosa"},"content":{"rendered":"","protected":false},"excerpt":{"rendered":"<p>Esponjas de red, ideales para la exfoliaci\u00f3n de la piel durante el ba\u00f1o. Vienen en 8 colores. Las podemos colgar una vez que terminamos de usarlas y tienen f\u00e1cil secado.<\/p>\n","protected":false},"featured_media":13263,"comment_status":"open","ping_status":"closed","template":"","meta":[],"product_brand":[],"product_cat":[190,89,216],"product_tag":[],"class_list":{"0":"post-13261","1":"product","2":"type-product","3":"status-publish","4":"has-post-thumbnail","6":"product_cat-belleza","7":"product_cat-bunguis","8":"product_cat-corporal","10":"first","11":"instock","12":"shipping-taxable","13":"product-type-simple"},"_links":{"self":[{"href":"https:\/\/lkdeco.com.ar\/index.php\/wp-json\/wp\/v2\/product\/13261","targetHints":{"allow":["GET"]}}],"collection":[{"href":"https:\/\/lkdeco.com.ar\/index.php\/wp-json\/wp\/v2\/product"}],"about":[{"href":"https:\/\/lkdeco.com.ar\/index.php\/wp-json\/wp\/v2\/types\/product"}],"replies":[{"embeddable":true,"href":"https:\/\/lkdeco.com.ar\/index.php\/wp-json\/wp\/v2\/comments?post=13261"}],"version-history":[{"count":1,"href":"https:\/\/lkdeco.com.ar\/index.php\/wp-json\/wp\/v2\/product\/13261\/revisions"}],"predecessor-version":[{"id":30613,"href":"https:\/\/lkdeco.com.ar\/index.php\/wp-json\/wp\/v2\/product\/13261\/revisions\/30613"}],"wp:featuredmedia":[{"embeddable":true,"href":"https:\/\/lkdeco.com.ar\/index.php\/wp-json\/wp\/v2\/media\/13263"}],"wp:attachment":[{"href":"https:\/\/lkdeco.com.ar\/index.php\/wp-json\/wp\/v2\/media?parent=13261"}],"wp:term":[{"taxonomy":"product_brand","embeddable":true,"href":"https:\/\/lkdeco.com.ar\/index.php\/wp-json\/wp\/v2\/product_brand?post=13261"},{"taxonomy":"product_cat","embeddable":true,"href":"https:\/\/lkdeco.com.ar\/index.php\/wp-json\/wp\/v2\/product_cat?post=13261"},{"taxonomy":"product_tag","embeddable":true,"href":"https:\/\/lkdeco.com.ar\/index.php\/wp-json\/wp\/v2\/product_tag?post=13261"}],"curies":[{"name":"wp","href":"https:\/\/api.w.org\/{rel}","templated":true}]}}