{"id":13149,"date":"2021-08-04T19:59:30","date_gmt":"2021-08-04T19:59:30","guid":{"rendered":"https:\/\/dazzling-bardeen.35-230-54-213.plesk.page\/?post_type=product&#038;p=13149"},"modified":"2026-03-06T15:39:42","modified_gmt":"2026-03-06T15:39:42","slug":"tapones-de-bano-home-pelota","status":"publish","type":"product","link":"https:\/\/lkdeco.com.ar\/index.php\/producto\/tapones-de-bano-home-pelota\/","title":{"rendered":"Tapones de Ba\u00f1o Pelota"},"content":{"rendered":"","protected":false},"excerpt":{"rendered":"<p>Tap\u00f3n para ba\u00f1era, sirve para aquellas que tienen desag\u00fce ba\u00f1era autom\u00e1tico<\/p>\n","protected":false},"featured_media":13150,"comment_status":"open","ping_status":"closed","template":"","meta":[],"product_brand":[],"product_cat":[89,98],"product_tag":[],"class_list":{"0":"post-13149","1":"product","2":"type-product","3":"status-publish","4":"has-post-thumbnail","6":"product_cat-bunguis","7":"product_cat-linea-set-de-bano","9":"first","10":"instock","11":"shipping-taxable","12":"product-type-simple"},"_links":{"self":[{"href":"https:\/\/lkdeco.com.ar\/index.php\/wp-json\/wp\/v2\/product\/13149","targetHints":{"allow":["GET"]}}],"collection":[{"href":"https:\/\/lkdeco.com.ar\/index.php\/wp-json\/wp\/v2\/product"}],"about":[{"href":"https:\/\/lkdeco.com.ar\/index.php\/wp-json\/wp\/v2\/types\/product"}],"replies":[{"embeddable":true,"href":"https:\/\/lkdeco.com.ar\/index.php\/wp-json\/wp\/v2\/comments?post=13149"}],"version-history":[{"count":0,"href":"https:\/\/lkdeco.com.ar\/index.php\/wp-json\/wp\/v2\/product\/13149\/revisions"}],"wp:featuredmedia":[{"embeddable":true,"href":"https:\/\/lkdeco.com.ar\/index.php\/wp-json\/wp\/v2\/media\/13150"}],"wp:attachment":[{"href":"https:\/\/lkdeco.com.ar\/index.php\/wp-json\/wp\/v2\/media?parent=13149"}],"wp:term":[{"taxonomy":"product_brand","embeddable":true,"href":"https:\/\/lkdeco.com.ar\/index.php\/wp-json\/wp\/v2\/product_brand?post=13149"},{"taxonomy":"product_cat","embeddable":true,"href":"https:\/\/lkdeco.com.ar\/index.php\/wp-json\/wp\/v2\/product_cat?post=13149"},{"taxonomy":"product_tag","embeddable":true,"href":"https:\/\/lkdeco.com.ar\/index.php\/wp-json\/wp\/v2\/product_tag?post=13149"}],"curies":[{"name":"wp","href":"https:\/\/api.w.org\/{rel}","templated":true}]}}