{"id":13010,"date":"2022-08-02T18:40:49","date_gmt":"2022-08-02T18:40:49","guid":{"rendered":"https:\/\/dazzling-bardeen.35-230-54-213.plesk.page\/?post_type=product&#038;p=13010"},"modified":"2025-04-04T16:17:51","modified_gmt":"2025-04-04T16:17:51","slug":"jabon-liquido-classic-x12","status":"publish","type":"product","link":"https:\/\/lkdeco.com.ar\/index.php\/producto\/jabon-liquido-classic-x12\/","title":{"rendered":"Jab\u00f3n liquido Classic (x12)"},"content":{"rendered":"<p>Jab\u00f3n l\u00edquido para manos Nativa con fragancia.<\/p>\n<p>Dimensi\u00f3n: 350 cm3.<\/p>\n","protected":false},"excerpt":{"rendered":"<p>Fragancia con notas altas florales de violeta y notas medias de lirio.<\/p>\n","protected":false},"featured_media":21793,"comment_status":"open","ping_status":"closed","template":"","meta":[],"product_brand":[],"product_cat":[114,115,91],"product_tag":[],"class_list":{"0":"post-13010","1":"product","2":"type-product","3":"status-publish","4":"has-post-thumbnail","6":"product_cat-cuidado-personal","7":"product_cat-jabones","8":"product_cat-nativa-alparamis","10":"first","11":"instock","12":"shipping-taxable","13":"product-type-simple"},"_links":{"self":[{"href":"https:\/\/lkdeco.com.ar\/index.php\/wp-json\/wp\/v2\/product\/13010","targetHints":{"allow":["GET"]}}],"collection":[{"href":"https:\/\/lkdeco.com.ar\/index.php\/wp-json\/wp\/v2\/product"}],"about":[{"href":"https:\/\/lkdeco.com.ar\/index.php\/wp-json\/wp\/v2\/types\/product"}],"replies":[{"embeddable":true,"href":"https:\/\/lkdeco.com.ar\/index.php\/wp-json\/wp\/v2\/comments?post=13010"}],"version-history":[{"count":0,"href":"https:\/\/lkdeco.com.ar\/index.php\/wp-json\/wp\/v2\/product\/13010\/revisions"}],"wp:featuredmedia":[{"embeddable":true,"href":"https:\/\/lkdeco.com.ar\/index.php\/wp-json\/wp\/v2\/media\/21793"}],"wp:attachment":[{"href":"https:\/\/lkdeco.com.ar\/index.php\/wp-json\/wp\/v2\/media?parent=13010"}],"wp:term":[{"taxonomy":"product_brand","embeddable":true,"href":"https:\/\/lkdeco.com.ar\/index.php\/wp-json\/wp\/v2\/product_brand?post=13010"},{"taxonomy":"product_cat","embeddable":true,"href":"https:\/\/lkdeco.com.ar\/index.php\/wp-json\/wp\/v2\/product_cat?post=13010"},{"taxonomy":"product_tag","embeddable":true,"href":"https:\/\/lkdeco.com.ar\/index.php\/wp-json\/wp\/v2\/product_tag?post=13010"}],"curies":[{"name":"wp","href":"https:\/\/api.w.org\/{rel}","templated":true}]}}