{"id":12517,"date":"2022-07-25T13:42:42","date_gmt":"2022-07-25T13:42:42","guid":{"rendered":"https:\/\/dazzling-bardeen.35-230-54-213.plesk.page\/?post_type=product&#038;p=12517"},"modified":"2026-03-06T15:39:39","modified_gmt":"2026-03-06T15:39:39","slug":"rack-cromado-doble-vertical","status":"publish","type":"product","link":"https:\/\/lkdeco.com.ar\/index.php\/producto\/rack-cromado-doble-vertical\/","title":{"rendered":"Rack cromado doble vertical"},"content":{"rendered":"","protected":false},"excerpt":{"rendered":"<p>La l\u00ednea con sopapa es ideal para NO perforar pared. Funciona sobre superficies lisas, que est\u00e9n limpias (siempre es aconsejable limpiarlas con alcohol antes de la aplicaci\u00f3n de la sopapa). La importancia de esta l\u00ednea es que al poner la sopapa hay que apretar contra la superficie para que se absorba todo el aire que esta entre la sopapa y la pared, vamos a notar que nos cuesta subir la palanca para trabarlo, esto quiere decir que esta bien colocado.<\/p>\n","protected":false},"featured_media":12583,"comment_status":"open","ping_status":"closed","template":"","meta":[],"product_brand":[],"product_cat":[89,92],"product_tag":[],"class_list":{"0":"post-12517","1":"product","2":"type-product","3":"status-publish","4":"has-post-thumbnail","6":"product_cat-bunguis","7":"product_cat-linea-cromada","9":"first","10":"outofstock","11":"shipping-taxable","12":"product-type-simple"},"_links":{"self":[{"href":"https:\/\/lkdeco.com.ar\/index.php\/wp-json\/wp\/v2\/product\/12517","targetHints":{"allow":["GET"]}}],"collection":[{"href":"https:\/\/lkdeco.com.ar\/index.php\/wp-json\/wp\/v2\/product"}],"about":[{"href":"https:\/\/lkdeco.com.ar\/index.php\/wp-json\/wp\/v2\/types\/product"}],"replies":[{"embeddable":true,"href":"https:\/\/lkdeco.com.ar\/index.php\/wp-json\/wp\/v2\/comments?post=12517"}],"version-history":[{"count":0,"href":"https:\/\/lkdeco.com.ar\/index.php\/wp-json\/wp\/v2\/product\/12517\/revisions"}],"wp:featuredmedia":[{"embeddable":true,"href":"https:\/\/lkdeco.com.ar\/index.php\/wp-json\/wp\/v2\/media\/12583"}],"wp:attachment":[{"href":"https:\/\/lkdeco.com.ar\/index.php\/wp-json\/wp\/v2\/media?parent=12517"}],"wp:term":[{"taxonomy":"product_brand","embeddable":true,"href":"https:\/\/lkdeco.com.ar\/index.php\/wp-json\/wp\/v2\/product_brand?post=12517"},{"taxonomy":"product_cat","embeddable":true,"href":"https:\/\/lkdeco.com.ar\/index.php\/wp-json\/wp\/v2\/product_cat?post=12517"},{"taxonomy":"product_tag","embeddable":true,"href":"https:\/\/lkdeco.com.ar\/index.php\/wp-json\/wp\/v2\/product_tag?post=12517"}],"curies":[{"name":"wp","href":"https:\/\/api.w.org\/{rel}","templated":true}]}}