{"id":13518,"date":"2022-08-10T18:18:13","date_gmt":"2022-08-10T18:18:13","guid":{"rendered":"https:\/\/lkdeco.com.ar\/?page_id=13518"},"modified":"2025-04-23T16:27:40","modified_gmt":"2025-04-23T16:27:40","slug":"registro-mayorista","status":"publish","type":"page","link":"https:\/\/lkdeco.com.ar\/index.php\/registro-mayorista\/","title":{"rendered":"Registro mayorista"},"content":{"rendered":"\t\t<div data-elementor-type=\"wp-page\" data-elementor-id=\"13518\" class=\"elementor elementor-13518\" data-elementor-post-type=\"page\">\n\t\t\t\t<div class=\"elementor-element elementor-element-8536a51 e-flex e-con-boxed e-con e-parent\" data-id=\"8536a51\" data-element_type=\"container\" data-e-type=\"container\">\n\t\t\t\t\t<div class=\"e-con-inner\">\n\t\t\t\t<div class=\"elementor-element elementor-element-131b1b9 elementor-widget elementor-widget-shortcode\" data-id=\"131b1b9\" data-element_type=\"widget\" data-e-type=\"widget\" data-widget_type=\"shortcode.default\">\n\t\t\t\t<div class=\"elementor-widget-container\">\n\t\t\t\t\t\t\t<div class=\"elementor-shortcode\"><div class=\"piereg_container pieregWrapper\"><div class=\"pieregformWrapper pieregWrapper\"><div id=\"show_pie_register_error_js\" class=\"piereg_entry-content\"><\/div><div id=\"pie_register_reg_form\"><form enctype=\"multipart\/form-data\" class=\"pie_register_reg_form\" id=\"pie_regiser_form\" method=\"post\" action=\"\/index.php\/wp-json\/wp\/v2\/pages\/13518\" data-form=\"1\"><input type=\"hidden\" id=\"piereg_registration_form_nonce\" name=\"piereg_registration_form_nonce\" value=\"36c0ce0571\" \/><input type=\"hidden\" name=\"_wp_http_referer\" value=\"\/index.php\/wp-json\/wp\/v2\/pages\/13518\" \/><div class=\"fieldset \"><p id=\"piereg_pie_form_desc\" >Por favor complet\u00e1 los datos para ser usuario mayorista. En 72 hs h\u00e1biles te contactaremos para activar la cuenta.<\/p><\/div><ul id=\"pie_register\"><input type=\"hidden\" value=\"1\" name=\"form_id\" \/><input type=\"hidden\" value=\"\" name=\"limit_submission\" \/><li class=\"fields   pageFields_1 piereg_li_3\"   ><div class=\"fieldset\"><label class=\"\" for=\"text_3\">Nombre del local&nbsp;<span class=\"piereg_field_required_label\">*<\/span><\/label><input  id=\"text_3\" name=\"text_3\" data-field_id=\"piereg_field_3\" class=\"input_fields  piereg_validate[required,custom[alphanumeric]] \"  data-errormessage-custom-error=\"\"  placeholder=\"\" type=\"text\" value=\"\" \/><\/div><\/li><li class=\"fields   pageFields_1 piereg_li_16\"   ><div class=\"fieldset\"><label class=\"\" for=\"text_16\">Raz\u00f3n social&nbsp;<span class=\"piereg_field_required_label\">*<\/span><\/label><input  id=\"text_16\" name=\"text_16\" data-field_id=\"piereg_field_16\" class=\"input_fields  piereg_validate[required] \"    placeholder=\"\" type=\"text\" value=\"\" \/><\/div><\/li><li class=\"fields   pageFields_1 piereg_li_4\"   ><div class=\"fieldset\"><label class=\"\" for=\"text_4\">CUIT&nbsp;<span class=\"piereg_field_required_label\">*<\/span><\/label><input  id=\"text_4\" name=\"text_4\" data-field_id=\"piereg_field_4\" class=\"input_fields  piereg_validate[required,custom[number]] \"  data-errormessage-custom-error=\"\"  placeholder=\"N\u00fameros sin guiones\" type=\"text\" value=\"\" \/><p class=\"desc\">N\u00famero de CUIT v\u00e1lido<\/p><\/div><\/li><li class=\"fields   pageFields_1 piereg_li_23\"   ><div class=\"fieldset\"><label class=\"\" for=\"checkbox_23\">Comentanos en qu\u00e9 estar\u00edas interesado&nbsp;<span class=\"piereg_field_required_label\">*<\/span><\/label><div class=\"radio_wrap\"><div class=\"radio_container\"><input    value=\"Ba\u00f1o\" data-field_id=\"piereg_field_23\" type=\"checkbox\" name=\"checkbox_23[]\" class=\"input_fields  piereg_validate[required] radio_fields \"   data-map-field-by-class=\"checkbox_23\" ><label>Ba\u00f1o<\/label><\/div><div class=\"radio_container\"><input    value=\"Cocina\" data-field_id=\"piereg_field_23\" type=\"checkbox\" name=\"checkbox_23[]\" class=\"input_fields  piereg_validate[required] radio_fields \"   data-map-field-by-class=\"checkbox_23\" ><label>Cocina<\/label><\/div><div class=\"radio_container\"><input    value=\"Mesa\" data-field_id=\"piereg_field_23\" type=\"checkbox\" name=\"checkbox_23[]\" class=\"input_fields  piereg_validate[required] radio_fields \"   data-map-field-by-class=\"checkbox_23\" ><label>Mesa<\/label><\/div><div class=\"radio_container\"><input    value=\"Decoraci\u00f3n\" data-field_id=\"piereg_field_23\" type=\"checkbox\" name=\"checkbox_23[]\" class=\"input_fields  piereg_validate[required] radio_fields \"   data-map-field-by-class=\"checkbox_23\" ><label>Decoraci\u00f3n<\/label><\/div><div class=\"radio_container\"><input    value=\"Aromas\" data-field_id=\"piereg_field_23\" type=\"checkbox\" name=\"checkbox_23[]\" class=\"input_fields  piereg_validate[required] radio_fields \"   data-map-field-by-class=\"checkbox_23\" ><label>Aromas<\/label><\/div><div class=\"radio_container\"><input    value=\"Navidad\" data-field_id=\"piereg_field_23\" type=\"checkbox\" name=\"checkbox_23[]\" class=\"input_fields  piereg_validate[required] radio_fields \"   data-map-field-by-class=\"checkbox_23\" ><label>Navidad<\/label><\/div><div class=\"radio_container\"><input    value=\"Otro\" data-field_id=\"piereg_field_23\" type=\"checkbox\" name=\"checkbox_23[]\" class=\"input_fields  piereg_validate[required] radio_fields \"   data-map-field-by-class=\"checkbox_23\" ><label>Otro<\/label><\/div><\/div><\/div><\/li><li class=\"fields   pageFields_1 piereg_li_5\"   ><div class=\"fieldset\"><label class=\"\" for=\"checkbox_5\">Condici\u00f3n frente al IVA&nbsp;<span class=\"piereg_field_required_label\">*<\/span><\/label><div class=\"radio_wrap\"><div class=\"radio_container\"><input    value=\"Responsable Inscripto\" data-field_id=\"piereg_field_5\" type=\"checkbox\" name=\"checkbox_5[]\" class=\"input_fields  piereg_validate[required] radio_fields \"   data-map-field-by-class=\"checkbox_5\" ><label>Responsable Inscripto<\/label><\/div><div class=\"radio_container\"><input    value=\"Monotributo\" data-field_id=\"piereg_field_5\" type=\"checkbox\" name=\"checkbox_5[]\" class=\"input_fields  piereg_validate[required] radio_fields \"   data-map-field-by-class=\"checkbox_5\" ><label>Monotributo<\/label><\/div><div class=\"radio_container\"><input    value=\"Otro\" data-field_id=\"piereg_field_5\" type=\"checkbox\" name=\"checkbox_5[]\" class=\"input_fields  piereg_validate[required] radio_fields \"   data-map-field-by-class=\"checkbox_5\" ><label>Otro<\/label><\/div><\/div><p class=\"desc\">Seleccionar uno solo.<\/p><\/div><\/li><li class=\"fields   pageFields_1 piereg_li_9\"   ><div class=\"fieldset\"><label class=\"\" for=\"address_9\">Direcci\u00f3n comercial&nbsp;<span class=\"piereg_field_required_label\">*<\/span><\/label><div class=\"address_main\"><div class=\"address\"><input  type=\"text\" name=\"address_9[address]\" id=\"address_9\" class=\"input_fields  piereg_validate[required] \"    value=\"\"><label>Street Address<\/label><\/div><div class=\"address\"><div class=\"address2\"><input  type=\"text\" name=\"address_9[city]\" id=\"city_address_9\" class=\"input_fields  piereg_validate[required]\"   value=\"\"><label>City<\/label><\/div><div class=\"address2\" ><input  type=\"text\" name=\"address_9[state]\" id=\"state_address_9\" class=\"input_fields  piereg_validate[required]\" value=\"\"><label>State \/ Province \/ Region<\/label><\/div><\/div><div class=\"address\"> <div class=\"address2\"><input  id=\"zip_address_9\" name=\"address_9[zip]\" type=\"text\" class=\"input_fields  piereg_validate[required]\"   value=\"\"><label>Zip \/ Postal Code<\/label><\/div><div  class=\"address2\" ><select  id=\"country_address_9\" name=\"address_9[country]\" class=\"input_fields  piereg_validate[required]\" ><option value=\"\">--Please Select --<\/option><option  value=\"Afghanistan\">Afghanistan<\/option><option  value=\"Albania\">Albania<\/option><option  value=\"Algeria\">Algeria<\/option><option  value=\"American Samoa\">American Samoa<\/option><option  value=\"Andorra\">Andorra<\/option><option  value=\"Angola\">Angola<\/option><option  value=\"Antigua and Barbuda\">Antigua and Barbuda<\/option><option selected=\"selected\" value=\"Argentina\">Argentina<\/option><option  value=\"Armenia\">Armenia<\/option><option  value=\"Australia\">Australia<\/option><option  value=\"Austria\">Austria<\/option><option  value=\"Azerbaijan\">Azerbaijan<\/option><option  value=\"Bahamas\">Bahamas<\/option><option  value=\"Bahrain\">Bahrain<\/option><option  value=\"Bangladesh\">Bangladesh<\/option><option  value=\"Barbados\">Barbados<\/option><option  value=\"Belarus\">Belarus<\/option><option  value=\"Belgium\">Belgium<\/option><option  value=\"Belize\">Belize<\/option><option  value=\"Benin\">Benin<\/option><option  value=\"Bermuda\">Bermuda<\/option><option  value=\"Bhutan\">Bhutan<\/option><option  value=\"Bolivia\">Bolivia<\/option><option  value=\"Bosnia and Herzegovina\">Bosnia and Herzegovina<\/option><option  value=\"Botswana\">Botswana<\/option><option  value=\"Brazil\">Brazil<\/option><option  value=\"Brunei\">Brunei<\/option><option  value=\"Bulgaria\">Bulgaria<\/option><option  value=\"Burkina Faso\">Burkina Faso<\/option><option  value=\"Burundi\">Burundi<\/option><option  value=\"Cambodia\">Cambodia<\/option><option  value=\"Cameroon\">Cameroon<\/option><option  value=\"Canada\">Canada<\/option><option  value=\"Cape Verde\">Cape Verde<\/option><option  value=\"Central African Republic\">Central African Republic<\/option><option  value=\"Chad\">Chad<\/option><option  value=\"Chile\">Chile<\/option><option  value=\"China\">China<\/option><option  value=\"Colombia\">Colombia<\/option><option  value=\"Comoros\">Comoros<\/option><option  value=\"Democratic Republic of the Congo\">Democratic Republic of the Congo<\/option><option  value=\"Republic of theCongo\">Republic of theCongo<\/option><option  value=\"Costa Rica\">Costa Rica<\/option><option  value=\"C\u00f4te d&#039;Ivoire\">C\u00f4te d&#039;Ivoire<\/option><option  value=\"Croatia\">Croatia<\/option><option  value=\"Cuba\">Cuba<\/option><option  value=\"Cyprus\">Cyprus<\/option><option  value=\"Czech Republic\">Czech Republic<\/option><option  value=\"Denmark\">Denmark<\/option><option  value=\"Djibouti\">Djibouti<\/option><option  value=\"Dominica\">Dominica<\/option><option  value=\"Dominican Republic\">Dominican Republic<\/option><option  value=\"East Timor\">East Timor<\/option><option  value=\"Ecuador\">Ecuador<\/option><option  value=\"Egypt\">Egypt<\/option><option  value=\"El Salvador\">El Salvador<\/option><option  value=\"Equatorial Guinea\">Equatorial Guinea<\/option><option  value=\"Eritrea\">Eritrea<\/option><option  value=\"Estonia\">Estonia<\/option><option  value=\"Ethiopia\">Ethiopia<\/option><option  value=\"Fiji\">Fiji<\/option><option  value=\"Finland\">Finland<\/option><option  value=\"France\">France<\/option><option  value=\"Gabon\">Gabon<\/option><option  value=\"The Gambia\">The Gambia<\/option><option  value=\"Georgia\">Georgia<\/option><option  value=\"Germany\">Germany<\/option><option  value=\"Ghana\">Ghana<\/option><option  value=\"Greece\">Greece<\/option><option  value=\"Greenland\">Greenland<\/option><option  value=\"Grenada\">Grenada<\/option><option  value=\"Guam\">Guam<\/option><option  value=\"Guatemala\">Guatemala<\/option><option  value=\"Guinea\">Guinea<\/option><option  value=\"Guinea-Bissau\">Guinea-Bissau<\/option><option  value=\"Guyana\">Guyana<\/option><option  value=\"Haiti\">Haiti<\/option><option  value=\"Honduras\">Honduras<\/option><option  value=\"Hong Kong\">Hong Kong<\/option><option  value=\"Hungary\">Hungary<\/option><option  value=\"Iceland\">Iceland<\/option><option  value=\"India\">India<\/option><option  value=\"Indonesia\">Indonesia<\/option><option  value=\"Iran\">Iran<\/option><option  value=\"Iraq\">Iraq<\/option><option  value=\"Ireland\">Ireland<\/option><option  value=\"Israel\">Israel<\/option><option  value=\"Italy\">Italy<\/option><option  value=\"Jamaica\">Jamaica<\/option><option  value=\"Japan\">Japan<\/option><option  value=\"Jordan\">Jordan<\/option><option  value=\"Kazakhstan\">Kazakhstan<\/option><option  value=\"Kenya\">Kenya<\/option><option  value=\"Kiribati\">Kiribati<\/option><option  value=\"North Korea\">North Korea<\/option><option  value=\"South Korea\">South Korea<\/option><option  value=\"Kuwait\">Kuwait<\/option><option  value=\"Kyrgyzstan\">Kyrgyzstan<\/option><option  value=\"Laos\">Laos<\/option><option  value=\"Latvia\">Latvia<\/option><option  value=\"Lebanon\">Lebanon<\/option><option  value=\"Lesotho\">Lesotho<\/option><option  value=\"Liberia\">Liberia<\/option><option  value=\"Libya\">Libya<\/option><option  value=\"Liechtenstein\">Liechtenstein<\/option><option  value=\"Lithuania\">Lithuania<\/option><option  value=\"Luxembourg\">Luxembourg<\/option><option  value=\"Madagascar\">Madagascar<\/option><option  value=\"Malawi\">Malawi<\/option><option  value=\"Malaysia\">Malaysia<\/option><option  value=\"Maldives\">Maldives<\/option><option  value=\"Mali\">Mali<\/option><option  value=\"Malta\">Malta<\/option><option  value=\"Marshall Islands\">Marshall Islands<\/option><option  value=\"Mauritania\">Mauritania<\/option><option  value=\"Mauritius\">Mauritius<\/option><option  value=\"Mexico\">Mexico<\/option><option  value=\"Micronesia\">Micronesia<\/option><option  value=\"Moldova\">Moldova<\/option><option  value=\"Monaco\">Monaco<\/option><option  value=\"Mongolia\">Mongolia<\/option><option  value=\"Montenegro\">Montenegro<\/option><option  value=\"Morocco\">Morocco<\/option><option  value=\"Mozambique\">Mozambique<\/option><option  value=\"Myanmar\">Myanmar<\/option><option  value=\"Namibia\">Namibia<\/option><option  value=\"Nauru\">Nauru<\/option><option  value=\"Nepal\">Nepal<\/option><option  value=\"Netherlands\">Netherlands<\/option><option  value=\"New Zealand\">New Zealand<\/option><option  value=\"Nicaragua\">Nicaragua<\/option><option  value=\"Niger\">Niger<\/option><option  value=\"Nigeria\">Nigeria<\/option><option  value=\"Norway\">Norway<\/option><option  value=\"Northern Mariana Islands\">Northern Mariana Islands<\/option><option  value=\"Oman\">Oman<\/option><option  value=\"Pakistan\">Pakistan<\/option><option  value=\"Palau\">Palau<\/option><option  value=\"Palestine\">Palestine<\/option><option  value=\"Panama\">Panama<\/option><option  value=\"Papua New Guinea\">Papua New Guinea<\/option><option  value=\"Paraguay\">Paraguay<\/option><option  value=\"Peru\">Peru<\/option><option  value=\"Philippines\">Philippines<\/option><option  value=\"Poland\">Poland<\/option><option  value=\"Portugal\">Portugal<\/option><option  value=\"Puerto Rico\">Puerto Rico<\/option><option  value=\"Qatar\">Qatar<\/option><option  value=\"Republic of North Macedonia\">Republic of North Macedonia<\/option><option  value=\"Romania\">Romania<\/option><option  value=\"Russia\">Russia<\/option><option  value=\"Rwanda\">Rwanda<\/option><option  value=\"Saint Kitts and Nevis\">Saint Kitts and Nevis<\/option><option  value=\"Saint Lucia\">Saint Lucia<\/option><option  value=\"Saint Vincent and the Grenadines\">Saint Vincent and the Grenadines<\/option><option  value=\"Samoa\">Samoa<\/option><option  value=\"San Marino\">San Marino<\/option><option  value=\"Sao Tome and Principe\">Sao Tome and Principe<\/option><option  value=\"Saudi Arabia\">Saudi Arabia<\/option><option  value=\"Senegal\">Senegal<\/option><option  value=\"Serbia\">Serbia<\/option><option  value=\"Seychelles\">Seychelles<\/option><option  value=\"Sierra Leone\">Sierra Leone<\/option><option  value=\"Singapore\">Singapore<\/option><option  value=\"Slovakia\">Slovakia<\/option><option  value=\"Slovenia\">Slovenia<\/option><option  value=\"Solomon Islands\">Solomon Islands<\/option><option  value=\"Somalia\">Somalia<\/option><option  value=\"South Africa\">South Africa<\/option><option  value=\"Spain\">Spain<\/option><option  value=\"Sri Lanka\">Sri Lanka<\/option><option  value=\"Sudan\">Sudan<\/option><option  value=\"Sudan, South\">Sudan, South<\/option><option  value=\"Suriname\">Suriname<\/option><option  value=\"Sweden\">Sweden<\/option><option  value=\"Switzerland\">Switzerland<\/option><option  value=\"Syria\">Syria<\/option><option  value=\"Taiwan\">Taiwan<\/option><option  value=\"Tajikistan\">Tajikistan<\/option><option  value=\"Tanzania\">Tanzania<\/option><option  value=\"Thailand\">Thailand<\/option><option  value=\"Togo\">Togo<\/option><option  value=\"Tonga\">Tonga<\/option><option  value=\"Trinidad and Tobago\">Trinidad and Tobago<\/option><option  value=\"Tunisia\">Tunisia<\/option><option  value=\"Turkey\">Turkey<\/option><option  value=\"Turkmenistan\">Turkmenistan<\/option><option  value=\"Tuvalu\">Tuvalu<\/option><option  value=\"Uganda\">Uganda<\/option><option  value=\"Ukraine\">Ukraine<\/option><option  value=\"United Arab Emirates\">United Arab Emirates<\/option><option  value=\"United Kingdom\">United Kingdom<\/option><option  value=\"United States\">United States<\/option><option  value=\"Uruguay\">Uruguay<\/option><option  value=\"Uzbekistan\">Uzbekistan<\/option><option  value=\"Vanuatu\">Vanuatu<\/option><option  value=\"Vatican City\">Vatican City<\/option><option  value=\"Venezuela\">Venezuela<\/option><option  value=\"Vietnam\">Vietnam<\/option><option  value=\"Virgin Islands, British\">Virgin Islands, British<\/option><option  value=\"Virgin Islands, U.S.\">Virgin Islands, U.S.<\/option><option  value=\"Yemen\">Yemen<\/option><option  value=\"Zambia\">Zambia<\/option><option  value=\"Zimbabwe\">Zimbabwe<\/option><\/select><label>Country<\/label><\/div><\/div><\/div><\/div><\/li><li class=\"fields   pageFields_1 piereg_li_11\"   ><div class=\"fieldset\"><label class=\"\" for=\"phone_11\">Whatsapp contacto COMPRAS&nbsp;<span class=\"piereg_field_required_label\">*<\/span><\/label><input  id=\"phone_11\" class=\"input_fields  piereg_validate[required,custom[phone_international]] \" data-field_id=\"piereg_field_11\"   placeholder=\"\" name=\"phone_11\" type=\"text\" value=\"\" \/><\/div><\/li><li class=\"fields   pageFields_1 piereg_li_1\"   ><div class=\"fieldset\"><label class=\"\" for=\"email_1\">Email&nbsp;<span class=\"piereg_field_required_label\">*<\/span><\/label><input  id=\"email_1\" name=\"e_mail\" data-field_id=\"piereg_field_1\" class=\"input_fields  piereg_validate[required,custom[email]] \"  data-errormessage-custom-error=\"\" placeholder=\"\" type=\"text\" value=\"\" \/><\/div><\/li><li class=\"fields   pageFields_1 piereg_li_25\"   ><div class=\"fieldset\"><label class=\"\" for=\"checkbox_25\">Rubro de tu marca&nbsp;<span class=\"piereg_field_required_label\">*<\/span><\/label><div class=\"radio_wrap\"><div class=\"radio_container\"><input    value=\"Local comercial\" data-field_id=\"piereg_field_25\" type=\"checkbox\" name=\"checkbox_25[]\" class=\"input_fields  piereg_validate[required] radio_fields \"   data-map-field-by-class=\"checkbox_25\" ><label>Local comercial<\/label><\/div><div class=\"radio_container\"><input    value=\"Showroom y\/o tienda online\" data-field_id=\"piereg_field_25\" type=\"checkbox\" name=\"checkbox_25[]\" class=\"input_fields  piereg_validate[required] radio_fields \"   data-map-field-by-class=\"checkbox_25\" ><label>Showroom y\/o tienda online<\/label><\/div><div class=\"radio_container\"><input    value=\"Arquitectura\/Decoraci\u00f3n\" data-field_id=\"piereg_field_25\" type=\"checkbox\" name=\"checkbox_25[]\" class=\"input_fields  piereg_validate[required] radio_fields \"   data-map-field-by-class=\"checkbox_25\" ><label>Arquitectura\/Decoraci\u00f3n<\/label><\/div><div class=\"radio_container\"><input    value=\"Otro\" data-field_id=\"piereg_field_25\" type=\"checkbox\" name=\"checkbox_25[]\" class=\"input_fields  piereg_validate[required] radio_fields \"   data-map-field-by-class=\"checkbox_25\" ><label>Otro<\/label><\/div><\/div><\/div><\/li><li class=\"fields   pageFields_1 piereg_li_28\"   ><div class=\"fieldset\"><label class=\"\" for=\"textarea_28\">Optimiz\u00e1 tu experiencia:&nbsp;<span class=\"piereg_field_required_label\">*<\/span><\/label><textarea  id=\"textarea_28\" data-field_id=\"piereg_field_28\" name=\"textarea_28\" rows=\"3\" cols=\"1\" class=\"input_fields  piereg_validate[required] \"  placeholder=\"Ej: Hola, me interesan estos productos. Tengo un local de decoraci\u00f3n, apertura de negocio de...\"><\/textarea><p class=\"desc\">Contanos un poco m\u00e1s sobre tu actividad profesional. Detallanos sobre que productos \u00f3 marcas podemos hacerte llegar m\u00e1s informaci\u00f3n.<\/p><\/div><\/li><li class=\"fields   pageFields_1 piereg_li_15\"   ><div class=\"fieldset\"><label class=\"\" for=\"text_15\">Instagram, Facebook o web comercial.&nbsp;<span class=\"piereg_field_required_label\">*<\/span><\/label><input  id=\"text_15\" name=\"text_15\" data-field_id=\"piereg_field_15\" class=\"input_fields  piereg_validate[required] \"    placeholder=\"\" type=\"text\" value=\"\" \/><\/div><\/li><li class=\"fields   pageFields_1 piereg_li_17\"   ><div class=\"fieldset\"><label class=\"\" for=\"text_17\">Transporte<\/label><input  id=\"text_17\" name=\"text_17\" data-field_id=\"piereg_field_17\" class=\"input_fields  \"    placeholder=\"\" type=\"text\" value=\"\" \/><p class=\"desc\">Detallanos cu\u00e1l es tu preferencia.<\/p><\/div><\/li><li class=\"fields   pageFields_1 piereg_li_27\"   ><div class=\"fieldset\"><label class=\"\" for=\"checkbox_27\">\u00bfC\u00f3mo nos conociste?&nbsp;<span class=\"piereg_field_required_label\">*<\/span><\/label><div class=\"radio_wrap\"><div class=\"radio_container\"><input    value=\"Google\" data-field_id=\"piereg_field_27\" type=\"checkbox\" name=\"checkbox_27[]\" class=\"input_fields  piereg_validate[required] radio_fields \"   data-map-field-by-class=\"checkbox_27\" ><label>Google<\/label><\/div><div class=\"radio_container\"><input    value=\"Instagram\/Facebook\" data-field_id=\"piereg_field_27\" type=\"checkbox\" name=\"checkbox_27[]\" class=\"input_fields  piereg_validate[required] radio_fields \"   data-map-field-by-class=\"checkbox_27\" ><label>Instagram\/Facebook<\/label><\/div><div class=\"radio_container\"><input    value=\"Recomendaci\u00f3n\" data-field_id=\"piereg_field_27\" type=\"checkbox\" name=\"checkbox_27[]\" class=\"input_fields  piereg_validate[required] radio_fields \"   data-map-field-by-class=\"checkbox_27\" ><label>Recomendaci\u00f3n<\/label><\/div><\/div><\/div><\/li><li class=\"fields   pageFields_1 piereg_li_14\"   ><div class=\"fieldset\"><label>Nombre&nbsp;<span class=\"piereg_field_required_label\">*<\/span><\/label><input  value=\"\" placeholder=\"\" data-field_id=\"piereg_field_14\" id=\"name_14_firstname\" name=\"first_name\" class=\"input_fields  piereg_validate[required,custom[alphabetic]] input_fields piereg_name_input_field \"   type=\"text\"  \/><\/div><div class=\"fieldset\"><label>Apellido&nbsp;<span class=\"piereg_field_required_label\">*<\/span><\/label><input  value=\"\" placeholder=\"\" id=\"name_14_lastname\" name=\"last_name\" class=\"input_fields  piereg_validate[required,custom[alphabetic]] input_fields piereg_name_input_field\"   type=\"text\"  \/><\/div><\/li><li class=\"fields   pageFields_1 piereg_li_2\"   ><div class=\"fieldset\"><label class=\"\" for=\"password_2\">Contrase\u00f1a&nbsp;<span class=\"piereg_field_required_label\">*<\/span><\/label><input id=\"password_2\" name=\"password\" data-field_id=\"piereg_field_2\" class=\"input_fields  piereg_validate[minSize[8],required] prPass1\" placeholder=\"\" type=\"password\" data-errormessage-value-missing=\"\" data-errormessage-range-underflow=\"\" data-errormessage-range-overflow=\"\" autocomplete=\"off\" ><span class=\"show-hide-password-innerbtn pass-eye-reg pass-eye-reg_left_label_no_desc  eye\"><\/span><\/div><div class=\"fieldset\"><label>Confirmar contrase\u00f1a&nbsp;<span class=\"piereg_field_required_label\">*<\/span><\/label><input id=\"confirm_password_password_2\" type=\"password\" data-errormessage-value-missing=\"\" data-errormessage-range-underflow=\"\" data-errormessage-range-overflow=\"\" class=\"input_fields  piereg_validate[minSize[8],required,equals[password_2]]  prPass2\" placeholder=\"\" autocomplete=\"off\" \/><span class=\"show-hide-password-innerbtn confirm-pass-eye-reg_left_label_no_desc eye\"><\/span><input class=\"prMinimumPasswordStrengthlength\" type=\"hidden\" id=\"password_strength_meter_1\" data-id=\"1\" value=\"2\" \/><span class=\"prMinimumPasswordStrengthMessage\" id=\"password_strength_message_1\" style=\"display:none;\">Contrase\u00f1a d\u00e9bil<\/span><\/li><li class=\"fields   pageFields_1 piereg_li_10\"   ><div class=\"fieldset\" ><label class=\"\" for=\"custom_role_10\">Tipo de usuario&nbsp;<span class=\"piereg_field_required_label\">*<\/span><\/label><select   id=\"custom_role_10\" name=\"custom_role\" data-field_id=\"piereg_field_10\" class=\"input_fields  piereg_validate[required] \"   ><option selected=\"selected\" value=\"Mayorista\">Mayorista<\/option><\/select><\/div><\/li><li class=\"fields   pageFields_1 piereg_li_\"   ><div class=\"fieldset\"><div class=\"pie_wrap_buttons\"><input name=\"pie_submit\" class=\"pie_submit\" type=\"submit\" value=\"ENVIAR MI SOLICITUD\" \/><\/div><\/div><\/li><\/ul><\/form><\/div><\/div><\/div><\/div>\n\t\t\t\t\t\t<\/div>\n\t\t\t\t<\/div>\n\t\t\t\t\t<\/div>\n\t\t\t\t<\/div>\n\t\t\t\t<\/div>\n\t\t","protected":false},"excerpt":{"rendered":"","protected":false},"author":1,"featured_media":0,"parent":0,"menu_order":0,"comment_status":"closed","ping_status":"closed","template":"","meta":{"footnotes":""},"class_list":["post-13518","page","type-page","status-publish","hentry"],"_links":{"self":[{"href":"https:\/\/lkdeco.com.ar\/index.php\/wp-json\/wp\/v2\/pages\/13518","targetHints":{"allow":["GET"]}}],"collection":[{"href":"https:\/\/lkdeco.com.ar\/index.php\/wp-json\/wp\/v2\/pages"}],"about":[{"href":"https:\/\/lkdeco.com.ar\/index.php\/wp-json\/wp\/v2\/types\/page"}],"author":[{"embeddable":true,"href":"https:\/\/lkdeco.com.ar\/index.php\/wp-json\/wp\/v2\/users\/1"}],"replies":[{"embeddable":true,"href":"https:\/\/lkdeco.com.ar\/index.php\/wp-json\/wp\/v2\/comments?post=13518"}],"version-history":[{"count":0,"href":"https:\/\/lkdeco.com.ar\/index.php\/wp-json\/wp\/v2\/pages\/13518\/revisions"}],"wp:attachment":[{"href":"https:\/\/lkdeco.com.ar\/index.php\/wp-json\/wp\/v2\/media?parent=13518"}],"curies":[{"name":"wp","href":"https:\/\/api.w.org\/{rel}","templated":true}]}}